{"id":678,"date":"2025-12-06T03:14:51","date_gmt":"2025-12-06T03:14:51","guid":{"rendered":"https:\/\/magicfacetowel.com\/?post_type=product&#038;p=678"},"modified":"2025-12-23T08:34:38","modified_gmt":"2025-12-23T08:34:38","slug":"damah-magic-wet-compress-cotton-set248-pieces%ef%bc%89","status":"publish","type":"product","link":"https:\/\/magicfacetowel.com\/vi\/product\/damah-magic-wet-compress-cotton-set248-pieces%ef%bc%89\/","title":{"rendered":"B\u1ed9 b\u00f4ng n\u00e9n \u01b0\u1edbt DAMAH MAGIC (248 mi\u1ebfng)"},"content":{"rendered":"<h4>Th\u00f4ng tin c\u01a1 b\u1ea3n<\/h4>\n<table style=\"border-collapse: collapse; width: 643px; height: 128px;\" border=\"0\" width=\"569\" cellspacing=\"0\" cellpadding=\"0\">\n<tbody>\n<tr style=\"height: 58.00pt;\">\n<td class=\"et4\" style=\"height: 58.00pt; width: 121.50pt;\" width=\"162\" height=\"77\">V\u1eadt li\u1ec7u<\/td>\n<td class=\"et5\" style=\"width: 305.25pt;\" width=\"407\">100% s\u1ee3i Lyocell<\/td>\n<\/tr>\n<tr style=\"height: 16.50pt;\">\n<td class=\"et4\" style=\"height: 16.50pt;\" height=\"22\">\u0110\u1ed9 d\u00e0y<\/td>\n<td class=\"et5\">43g\/m2<\/td>\n<\/tr>\n<tr style=\"height: 16.50pt;\">\n<td class=\"et4\" style=\"height: 16.50pt;\" height=\"22\">K\u00edch c\u1ee1<\/td>\n<td class=\"et5\">10 * 12cm<\/td>\n<\/tr>\n<tr style=\"height: 16.50pt;\">\n<td class=\"et4\" style=\"height: 16.50pt;\" height=\"22\">Th\u00f4ng s\u1ed1 k\u1ef9 thu\u1eadt h\u1ed9p<\/td>\n<td class=\"et5\">64 g\u00f3i<\/td>\n<\/tr>\n<tr style=\"height: 16.50pt;\">\n<td class=\"et4\" style=\"height: 16.50pt;\" height=\"22\">M\u1eabu<\/td>\n<td class=\"et5\">\\<\/td>\n<\/tr>\n<tr style=\"height: 16.50pt;\">\n<td class=\"et4\" style=\"height: 16.50pt;\" height=\"22\">H\u1ea1n s\u1eed d\u1ee5ng<\/td>\n<td class=\"et5\">3 n\u0103m<\/td>\n<\/tr>\n<\/tbody>\n<\/table>\n<ul>\n<li>S\u1ef1 k\u1ebft h\u1ee3p gi\u1eefa ki\u1ec3u \u0111\u1ee5c l\u1ed7 v\u00e0 ki\u1ec3u th\u00f4ng th\u01b0\u1eddng, v\u1edbi ki\u1ec3u \u0111\u1ee5c l\u1ed7 ph\u00f9 h\u1ee3p v\u1edbi c\u00e1c chi ti\u1ebft v\u00e0 ki\u1ec3u th\u00f4ng th\u01b0\u1eddng bao ph\u1ee7 m\u1ed9t v\u00f9ng r\u1ed9ng l\u1edbn c\u1ee7a m\u00e1 v\u00e0 tr\u00e1n.<\/li>\n<li>S\u1ee3i Lyocell 100%, m\u1ecfng nh\u01b0 c\u00e1nh ve s\u1ea7u, th\u00e2n thi\u1ec7n v\u1edbi da v\u00e0 tho\u00e1ng kh\u00ed, v\u1edbi t\u1ed1c \u0111\u1ed9 gi\u1ea3i ph\u00f3ng n\u01b0\u1edbc cao cho hi\u1ec7u qu\u1ea3 ti\u1ebft ki\u1ec7m n\u01b0\u1edbc.<\/li>\n<li>C\u00f3 th\u1ec3 co gi\u00e3n t\u1ef1 do \u0111\u1ec3 ph\u00f9 h\u1ee3p v\u1edbi c\u00e1c h\u00ecnh d\u1ea1ng khu\u00f4n m\u1eb7t kh\u00e1c nhau, ti\u1ebft ki\u1ec7m th\u1eddi gian v\u00e0 c\u00f4ng s\u1ee9c ch\u1ec9 c\u1ea7n ba m\u1ea3nh \u0111\u1ec3 n\u00e9n \u01b0\u1edbt ho\u00e0n to\u00e0n.<\/li>\n<li>D\u00f9ng nhi\u1ec1u l\u1ea7n n\u00e9n \u01b0\u1edbt, t\u1ea9y trang v\u00e0 l\u00e0m s\u1ea1ch b\u1eb1ng m\u1ed9t mi\u1ebfng b\u00f4ng...<\/li>\n<\/ul>","protected":false},"excerpt":{"rendered":"<p><strong>C\u00f4ng c\u1ee5 L\u00e0m \u0111\u1eb9p<\/strong><\/p>\n<ul>\n<li>S\u1ef1 k\u1ebft h\u1ee3p gi\u1eefa ki\u1ec3u \u0111\u1ee5c l\u1ed7 v\u00e0 ki\u1ec3u th\u00f4ng th\u01b0\u1eddng, v\u1edbi ki\u1ec3u \u0111\u1ee5c l\u1ed7 ph\u00f9 h\u1ee3p v\u1edbi c\u00e1c chi ti\u1ebft v\u00e0 ki\u1ec3u th\u00f4ng th\u01b0\u1eddng bao ph\u1ee7 m\u1ed9t v\u00f9ng r\u1ed9ng l\u1edbn c\u1ee7a m\u00e1 v\u00e0 tr\u00e1n.<\/li>\n<li>S\u1ee3i Lyocell 100%, m\u1ecfng nh\u01b0 c\u00e1nh ve s\u1ea7u, th\u00e2n thi\u1ec7n v\u1edbi da v\u00e0 tho\u00e1ng kh\u00ed, v\u1edbi t\u1ed1c \u0111\u1ed9 gi\u1ea3i ph\u00f3ng n\u01b0\u1edbc cao cho hi\u1ec7u qu\u1ea3 ti\u1ebft ki\u1ec7m n\u01b0\u1edbc.<\/li>\n<li>C\u00f3 th\u1ec3 co gi\u00e3n t\u1ef1 do \u0111\u1ec3 ph\u00f9 h\u1ee3p v\u1edbi c\u00e1c h\u00ecnh d\u1ea1ng khu\u00f4n m\u1eb7t kh\u00e1c nhau, ti\u1ebft ki\u1ec7m th\u1eddi gian v\u00e0 c\u00f4ng s\u1ee9c ch\u1ec9 c\u1ea7n ba m\u1ea3nh \u0111\u1ec3 n\u00e9n \u01b0\u1edbt ho\u00e0n to\u00e0n.<\/li>\n<li>D\u00f9ng nhi\u1ec1u l\u1ea7n n\u00e9n \u01b0\u1edbt, t\u1ea9y trang v\u00e0 l\u00e0m s\u1ea1ch b\u1eb1ng m\u1ed9t mi\u1ebfng b\u00f4ng...<\/li>\n<\/ul>","protected":false},"featured_media":677,"template":"","meta":[],"product_brand":[],"product_cat":[31],"product_tag":[],"class_list":{"0":"post-678","1":"product","2":"type-product","3":"status-publish","4":"has-post-thumbnail","6":"product_cat-wet-compress-cotton-set","8":"first","9":"instock","10":"shipping-taxable","11":"product-type-simple"},"_links":{"self":[{"href":"https:\/\/magicfacetowel.com\/vi\/wp-json\/wp\/v2\/product\/678","targetHints":{"allow":["GET"]}}],"collection":[{"href":"https:\/\/magicfacetowel.com\/vi\/wp-json\/wp\/v2\/product"}],"about":[{"href":"https:\/\/magicfacetowel.com\/vi\/wp-json\/wp\/v2\/types\/product"}],"wp:featuredmedia":[{"embeddable":true,"href":"https:\/\/magicfacetowel.com\/vi\/wp-json\/wp\/v2\/media\/677"}],"wp:attachment":[{"href":"https:\/\/magicfacetowel.com\/vi\/wp-json\/wp\/v2\/media?parent=678"}],"wp:term":[{"taxonomy":"product_brand","embeddable":true,"href":"https:\/\/magicfacetowel.com\/vi\/wp-json\/wp\/v2\/product_brand?post=678"},{"taxonomy":"product_cat","embeddable":true,"href":"https:\/\/magicfacetowel.com\/vi\/wp-json\/wp\/v2\/product_cat?post=678"},{"taxonomy":"product_tag","embeddable":true,"href":"https:\/\/magicfacetowel.com\/vi\/wp-json\/wp\/v2\/product_tag?post=678"}],"curies":[{"name":"wp","href":"https:\/\/api.w.org\/{rel}","templated":true}]}}