{"id":668,"date":"2025-12-06T02:56:07","date_gmt":"2025-12-06T02:56:07","guid":{"rendered":"https:\/\/magicfacetowel.com\/?post_type=product&#038;p=668"},"modified":"2025-12-23T08:34:25","modified_gmt":"2025-12-23T08:34:25","slug":"damah-magic-makeup-remover-wipes72-pieces-pack","status":"publish","type":"product","link":"https:\/\/magicfacetowel.com\/vi\/product\/damah-magic-makeup-remover-wipes72-pieces-pack\/","title":{"rendered":"Kh\u0103n t\u1ea9y trang DAMAH MAGIC (72 mi\u1ebfng\/g\u00f3i)"},"content":{"rendered":"<h4>Th\u00f4ng tin c\u01a1 b\u1ea3n<\/h4>\n<table style=\"border-collapse: collapse; width: 943px; height: 206px;\" border=\"0\" width=\"438\" cellspacing=\"0\" cellpadding=\"0\">\n<tbody>\n<tr style=\"height: 58.00pt;\">\n<td class=\"et4\" style=\"height: 58.00pt; width: 121.50pt;\" width=\"162\" height=\"77\">V\u1eadt li\u1ec7u<\/td>\n<td class=\"et5\" style=\"width: 207.00pt;\" width=\"276\">Kapok kh\u00f4ng d\u1ec7t v\u1ea3i, n\u01b0\u1edbc, PEG-7 glyceryl cocoate, phenoxyethanol, v\u00e0 c\u00e1c th\u00e0nh ph\u1ea7n vi l\u01b0\u1ee3ng kh\u00e1c.<\/td>\n<\/tr>\n<tr style=\"height: 16.50pt;\">\n<td class=\"et4\" style=\"height: 16.50pt;\" height=\"22\">\u0110\u1ed9 d\u00e0y<\/td>\n<td class=\"et6\">50g\/m2<\/td>\n<\/tr>\n<tr style=\"height: 16.50pt;\">\n<td class=\"et4\" style=\"height: 16.50pt;\" height=\"22\">K\u00edch c\u1ee1<\/td>\n<td class=\"et5\" style=\"width: 207.00pt;\" width=\"276\">15 * 18cm<\/td>\n<\/tr>\n<tr style=\"height: 16.50pt;\">\n<td class=\"et4\" style=\"height: 16.50pt;\" height=\"22\">Th\u00f4ng s\u1ed1 k\u1ef9 thu\u1eadt h\u1ed9p<\/td>\n<td class=\"et6\">24 g\u00f3i<\/td>\n<\/tr>\n<tr style=\"height: 16.50pt;\">\n<td class=\"et4\" style=\"height: 16.50pt;\" height=\"22\">M\u1eabu<\/td>\n<td class=\"et6\">D\u1ec7t tr\u01a1n<\/td>\n<\/tr>\n<tr style=\"height: 16.50pt;\">\n<td class=\"et4\" style=\"height: 16.50pt;\" height=\"22\">H\u1ea1n s\u1eed d\u1ee5ng<\/td>\n<td class=\"et6\">3 n\u0103m<\/td>\n<\/tr>\n<\/tbody>\n<\/table>\n<ul>\n<li>Th\u00eam chi\u1ebft xu\u1ea5t kim ng\u00e2n hoa \u0111\u1ec3 l\u00e0m d\u1ecbu v\u00e0 b\u00ecnh t\u0129nh, nh\u1eb9 nh\u00e0ng v\u00e0 kh\u00f4ng g\u00e2y k\u00edch \u1ee9ng.<\/li>\n<li>L\u00e0m m\u1edbi t\u1ea9y trang, m\u1ed9t m\u1ea3nh t\u1ea1i ch\u1ed7, ch\u00e0o t\u1ea1m bi\u1ec7t qu\u00e1 tr\u00ecnh t\u1ebb nh\u1ea1t c\u1ee7a t\u1ea9y trang, ph\u00f9 h\u1ee3p v\u1edbi c\u00e1c lo\u1ea1i da kh\u00e1c nhau.<\/li>\n<li>S\u1eb5n s\u00e0ng s\u1eed d\u1ee5ng, t\u1ea9y trang nh\u1eb9 nh\u00e0ng kh\u00f4ng g\u00e2y k\u00edch \u1ee9ng, linh ho\u1ea1t v\u00e0 kh\u00f4ng d\u1ec5 b\u00f3c v.<\/li>\n<\/ul>","protected":false},"excerpt":{"rendered":"<p><strong>S\u1eed d\u1ee5ng h\u00e0ng ng\u00e0y<\/strong><\/p>\n<ul>\n<li>Th\u00eam chi\u1ebft xu\u1ea5t kim ng\u00e2n hoa \u0111\u1ec3 l\u00e0m d\u1ecbu v\u00e0 b\u00ecnh t\u0129nh, nh\u1eb9 nh\u00e0ng v\u00e0 kh\u00f4ng g\u00e2y k\u00edch \u1ee9ng.<\/li>\n<li>M\u1ed9t m\u1ea3nh t\u1ea1i ch\u1ed7, ph\u00f9 h\u1ee3p v\u1edbi nhi\u1ec1u lo\u1ea1i da kh\u00e1c nhau.<\/li>\n<li>72 mi\u1ebfng trong m\u1ed9t g\u00f3i l\u1edbn \u0111\u1ec3 \u0111\u00e1p \u1ee9ng nhu c\u1ea7u h\u00e0ng ng\u00e0y c\u1ee7a h\u1ed9 gia \u0111\u00ecnh.<\/li>\n<\/ul>","protected":false},"featured_media":670,"template":"","meta":[],"product_brand":[],"product_cat":[29],"product_tag":[],"class_list":{"0":"post-668","1":"product","2":"type-product","3":"status-publish","4":"has-post-thumbnail","6":"product_cat-makeup-remover-wipes","8":"first","9":"instock","10":"shipping-taxable","11":"product-type-simple"},"_links":{"self":[{"href":"https:\/\/magicfacetowel.com\/vi\/wp-json\/wp\/v2\/product\/668","targetHints":{"allow":["GET"]}}],"collection":[{"href":"https:\/\/magicfacetowel.com\/vi\/wp-json\/wp\/v2\/product"}],"about":[{"href":"https:\/\/magicfacetowel.com\/vi\/wp-json\/wp\/v2\/types\/product"}],"wp:featuredmedia":[{"embeddable":true,"href":"https:\/\/magicfacetowel.com\/vi\/wp-json\/wp\/v2\/media\/670"}],"wp:attachment":[{"href":"https:\/\/magicfacetowel.com\/vi\/wp-json\/wp\/v2\/media?parent=668"}],"wp:term":[{"taxonomy":"product_brand","embeddable":true,"href":"https:\/\/magicfacetowel.com\/vi\/wp-json\/wp\/v2\/product_brand?post=668"},{"taxonomy":"product_cat","embeddable":true,"href":"https:\/\/magicfacetowel.com\/vi\/wp-json\/wp\/v2\/product_cat?post=668"},{"taxonomy":"product_tag","embeddable":true,"href":"https:\/\/magicfacetowel.com\/vi\/wp-json\/wp\/v2\/product_tag?post=668"}],"curies":[{"name":"wp","href":"https:\/\/api.w.org\/{rel}","templated":true}]}}