{"id":664,"date":"2025-12-06T01:45:47","date_gmt":"2025-12-06T01:45:47","guid":{"rendered":"https:\/\/magicfacetowel.com\/?post_type=product&#038;p=664"},"modified":"2025-12-23T08:35:04","modified_gmt":"2025-12-23T08:35:04","slug":"damah-magic-dada-powder-puff-2-pieces","status":"publish","type":"product","link":"https:\/\/magicfacetowel.com\/vi\/product\/damah-magic-dada-powder-puff-2-pieces\/","title":{"rendered":"B\u00f4ng ph\u1ea5n DAMAH MAGIC Dada (2 mi\u1ebfng)"},"content":{"rendered":"<h4>Th\u00f4ng tin c\u01a1 b\u1ea3n<\/h4>\n<table style=\"border-collapse: collapse; width: 426.77pt;\" border=\"0\" width=\"569\" cellspacing=\"0\" cellpadding=\"0\">\n<tbody>\n<tr style=\"height: 27.00pt;\">\n<td class=\"et4\" style=\"height: 27.00pt; width: 121.50pt;\" width=\"162\" height=\"36\">V\u1eadt li\u1ec7u<\/td>\n<td class=\"et5\" style=\"width: 305.25pt;\" width=\"407\">Rubycell d\u00e0y, mi\u1ebfng b\u1ecdt bi\u1ec3n, da<\/td>\n<\/tr>\n<tr style=\"height: 16.50pt;\">\n<td class=\"et4\" style=\"height: 16.50pt;\" height=\"22\">\u0110\u1ed9 d\u00e0y<\/td>\n<td class=\"et5\">4mm<\/td>\n<\/tr>\n<tr style=\"height: 16.50pt;\">\n<td class=\"et4\" style=\"height: 16.50pt;\" height=\"22\">K\u00edch c\u1ee1<\/td>\n<td class=\"et5\">Triangle<\/td>\n<\/tr>\n<tr style=\"height: 16.50pt;\">\n<td class=\"et4\" style=\"height: 16.50pt;\" height=\"22\">Th\u00f4ng s\u1ed1 k\u1ef9 thu\u1eadt h\u1ed9p<\/td>\n<td class=\"et5\">120\/h\u1ed9p<\/td>\n<\/tr>\n<tr style=\"height: 16.50pt;\">\n<td class=\"et4\" style=\"height: 16.50pt;\" height=\"22\">M\u1eabu<\/td>\n<td class=\"et5\">\\<\/td>\n<\/tr>\n<tr style=\"height: 16.50pt;\">\n<td class=\"et4\" style=\"height: 16.50pt;\" height=\"22\">H\u1ea1n s\u1eed d\u1ee5ng<\/td>\n<td class=\"et5\">3 n\u0103m<\/td>\n<\/tr>\n<\/tbody>\n<\/table>\n<ul>\n<li>N\u00f3 \u0111\u01b0\u1ee3c l\u00e0m b\u1eb1ng v\u1eadt li\u1ec7u Rubycel polymer ch\u1ea5t l\u01b0\u1ee3ng cao 4mm d\u00e0y, mang l\u1ea1i c\u1ea3m gi\u00e1c m\u1ec1m m\u1ea1i, h\u00e1u \u0103n v\u00e0 n\u1ea3y<\/li>\n<li>N\u00f3 l\u00e0 fluffy, kh\u1ea3 n\u0103ng ph\u1ee5c h\u1ed3i cao v\u00e0 kh\u00f4ng d\u1ec5 b\u1ecb bi\u1ebfn d\u1ea1ng. vi\u1ec7c ph\u00e1t h\u00e0nh b\u1ed9t l\u00e0 th\u1eadm ch\u00ed v\u00e0 n\u00f3 kh\u00f4ng ph\u1ea3i l\u00e0 d\u1ec5 d\u00e0ng \u0111\u1ec3 ti\u00eau th\u1ee5 b\u1ed9t<\/li>\n<li>Kh\u00f4 v\u00e0 \u01b0\u1edbt m\u1ee5c \u0111\u00edch k\u00e9p: N\u00f3 c\u00f3 th\u1ec3 \u0111\u01b0\u1ee3c s\u1eed d\u1ee5ng kh\u00f4 \u0111\u1ec3 t\u1ea1o ra m\u1ed9t hi\u1ec7u \u1ee9ng trang \u0111i\u1ec3m ho\u00e0n h\u1ea3o ho\u1eb7c \u01b0\u1edbt \u0111\u1ec3 t\u1ea1o ra m\u1ed9t trang \u0111i\u1ec3m c\u01a1 b\u1ea3n r\u00f5 r\u00e0ng, \u0111\u00e1p \u1ee9ng nhu c\u1ea7u c\u1ee7a c\u00e1c hi\u1ec7u \u1ee9ng trang \u0111i\u1ec3m kh\u00e1c nhau<\/li>\n<li>N\u00f3 \u0111i k\u00e8m v\u1edbi m\u1ed9t h\u1ed9p l\u01b0u tr\u1eef ch\u1ed1ng b\u1ee5i v\u00e0 tho\u00e1ng kh\u00ed, l\u00e0m cho n\u00f3 di \u0111\u1ed9ng h\u01a1n khi \u0111i du l\u1ecbch v\u00e0 cho ph\u00e9p puff b\u1ed9t \u0111\u1ec3 th\u1edf t\u1ef1 do<\/li>\n<\/ul>","protected":false},"excerpt":{"rendered":"<p><strong>C\u00f4ng c\u1ee5 L\u00e0m \u0111\u1eb9p<\/strong><\/p>\n<ul>\n<li>The triangular arc design conforms to ergonomics<\/li>\n<li>Customized cream apricot white, continuing the brand&#8217;s unified patented 3D ruyi cloud pattern design<\/li>\n<li>N\u00f3 ph\u00f9 h\u1ee3p v\u1edbi nhi\u1ec1u lo\u1ea1i s\u1ea3n ph\u1ea9m trang \u0111i\u1ec3m c\u01a1 b\u1ea3n nh\u01b0 kem n\u1ec1n, \u0111\u1ec7m v\u00e0 kem che khuy\u1ebft \u0111i\u1ec3m<\/li>\n<\/ul>","protected":false},"featured_media":660,"template":"","meta":[],"product_brand":[],"product_cat":[28],"product_tag":[],"class_list":{"0":"post-664","1":"product","2":"type-product","3":"status-publish","4":"has-post-thumbnail","6":"product_cat-powder-puff","8":"first","9":"instock","10":"shipping-taxable","11":"product-type-simple"},"_links":{"self":[{"href":"https:\/\/magicfacetowel.com\/vi\/wp-json\/wp\/v2\/product\/664","targetHints":{"allow":["GET"]}}],"collection":[{"href":"https:\/\/magicfacetowel.com\/vi\/wp-json\/wp\/v2\/product"}],"about":[{"href":"https:\/\/magicfacetowel.com\/vi\/wp-json\/wp\/v2\/types\/product"}],"wp:featuredmedia":[{"embeddable":true,"href":"https:\/\/magicfacetowel.com\/vi\/wp-json\/wp\/v2\/media\/660"}],"wp:attachment":[{"href":"https:\/\/magicfacetowel.com\/vi\/wp-json\/wp\/v2\/media?parent=664"}],"wp:term":[{"taxonomy":"product_brand","embeddable":true,"href":"https:\/\/magicfacetowel.com\/vi\/wp-json\/wp\/v2\/product_brand?post=664"},{"taxonomy":"product_cat","embeddable":true,"href":"https:\/\/magicfacetowel.com\/vi\/wp-json\/wp\/v2\/product_cat?post=664"},{"taxonomy":"product_tag","embeddable":true,"href":"https:\/\/magicfacetowel.com\/vi\/wp-json\/wp\/v2\/product_tag?post=664"}],"curies":[{"name":"wp","href":"https:\/\/api.w.org\/{rel}","templated":true}]}}