{"id":658,"date":"2025-12-06T01:16:33","date_gmt":"2025-12-06T01:16:33","guid":{"rendered":"https:\/\/magicfacetowel.com\/?post_type=product&#038;p=658"},"modified":"2025-12-23T08:44:54","modified_gmt":"2025-12-23T08:44:54","slug":"damah-magic-travel-bath-towel-set-1-bath-towel-2-small-towels","status":"publish","type":"product","link":"https:\/\/magicfacetowel.com\/vi\/product\/damah-magic-travel-bath-towel-set-1-bath-towel-2-small-towels\/","title":{"rendered":"B\u1ed9 Kh\u0103n T\u1eafm Du L\u1ecbch DAMAH MAGIC (1 Kh\u0103n T\u1eafm +2 Kh\u0103n Nh\u1ecf)"},"content":{"rendered":"<h4>Th\u00f4ng tin c\u01a1 b\u1ea3n<\/h4>\n<table style=\"border-collapse: collapse; width: 434.27pt;\" border=\"0\" width=\"579\" cellspacing=\"0\" cellpadding=\"0\">\n<tbody>\n<tr style=\"height: 27.00pt;\">\n<td class=\"et5\" style=\"height: 27.00pt; width: 121.50pt;\" width=\"162\" height=\"36\">V\u1eadt li\u1ec7u<\/td>\n<td class=\"et6\" style=\"width: 312.75pt;\" width=\"417\">100% s\u1ee3i viscose<\/td>\n<\/tr>\n<tr style=\"height: 16.50pt;\">\n<td class=\"et5\" style=\"height: 16.50pt;\" height=\"22\">\u0110\u1ed9 d\u00e0y<\/td>\n<td class=\"et7\">90g\/m2<\/td>\n<\/tr>\n<tr style=\"height: 16.50pt;\">\n<td class=\"et5\" style=\"height: 16.50pt;\" height=\"22\">K\u00edch c\u1ee1<\/td>\n<td class=\"et7\">70 * 140cm 1 c\u00e1i<br \/>\n25 * 35cm 2 mi\u1ebfng<\/td>\n<\/tr>\n<tr style=\"height: 16.50pt;\">\n<td class=\"et5\" style=\"height: 16.50pt;\" height=\"22\">Th\u00f4ng s\u1ed1 k\u1ef9 thu\u1eadt h\u1ed9p<\/td>\n<td class=\"et7\">84 g\u00f3i<\/td>\n<\/tr>\n<tr style=\"height: 16.50pt;\">\n<td class=\"et5\" style=\"height: 16.50pt;\" height=\"22\">M\u1eabu<\/td>\n<td class=\"et7\">M\u00f4 h\u00ecnh \u0111\u00e1m m\u00e2y 3D Ruyi<\/td>\n<\/tr>\n<tr style=\"height: 16.50pt;\">\n<td class=\"et5\" style=\"height: 16.50pt;\" height=\"22\">H\u1ea1n s\u1eed d\u1ee5ng<\/td>\n<td class=\"et7\">5 n\u0103m<\/td>\n<\/tr>\n<\/tbody>\n<\/table>\n<ul>\n<li>1 kh\u0103n t\u1eafm + 2 b\u1ed9 k\u1ebft h\u1ee3p kh\u0103n nh\u1ecf, m\u1edf r\u1ed9ng v\u00e0 d\u00e0y l\u00ean, g\u00f3i m\u1ea1nh m\u1ebd, th\u00e2n thi\u1ec7n v\u1edbi da v\u00e0 m\u1ec1m m\u1ea1i, kh\u00f4ng d\u1ec5 d\u00e0ng \u0111\u1ec3 \u0111\u1ed5 l\u00f4ng t\u01a1.<\/li>\n<li>Bao b\u00ec \u0111\u1ed9c l\u1eadp, s\u1ea1ch s\u1ebd v\u00e0 v\u1ec7 sinh, lo\u1ea1i b\u1ecf \u00f4 nhi\u1ec5m th\u1ee9 c\u1ea5p.<\/li>\n<li>Thi\u1ebft k\u1ebf b\u1ec1 m\u1eb7t AB, m\u1eabu \u0111\u00e1m m\u00e2y 3D Ruyi b\u00ean A, ma s\u00e1t m\u1ea1nh, si\u00eau thu\u1eadn ti\u1ec7n cho vi\u1ec7c d\u1ee1 m\u00e0ng b\u00f9n, d\u1ec7t tr\u01a1n b\u00ean B l\u00e0m gi\u1ea3m ma s\u00e1t, ch\u0103m s\u00f3c th\u00e2n m\u1eadt, s\u1eed d\u1ee5ng k\u00e9p cho kh\u00f4 v\u00e0 \u01b0\u1edbt.<\/li>\n<li>Du l\u1ecbch v\u00e0 gi\u1ea3i tr\u00ed cho kh\u00e1ch, t\u1ea5t c\u1ea3 trong m\u1ed9t g\u00f3i.<\/li>\n<\/ul>","protected":false},"excerpt":{"rendered":"<p><strong>Khuy\u1ebfn ngh\u1ecb du l\u1ecbch<\/strong><\/p>\n<ul>\n<li>B\u1ed9 kh\u0103n t\u1eafm, d\u00e0y v\u00e0 m\u1ec1m.<\/li>\n<li>Bao b\u00ec \u0111\u1ed9c l\u1eadp, s\u1ea1ch s\u1ebd v\u00e0 v\u1ec7 sinh.<\/li>\n<li>Thi\u1ebft k\u1ebf hai m\u1eb7t, m\u1ed9t kh\u0103n cho hai th\u01b0\u1edfng th\u1ee9c.<\/li>\n<li>Du l\u1ecbch c\u00f4ng t\u00e1c v\u00e0 kh\u00e1ch s\u1ea1n, t\u1ea5t c\u1ea3 trong m\u1ed9t g\u00f3i.<\/li>\n<\/ul>","protected":false},"featured_media":655,"template":"","meta":[],"product_brand":[],"product_cat":[27],"product_tag":[],"class_list":{"0":"post-658","1":"product","2":"type-product","3":"status-publish","4":"has-post-thumbnail","6":"product_cat-travel-pack","8":"first","9":"instock","10":"shipping-taxable","11":"product-type-simple"},"_links":{"self":[{"href":"https:\/\/magicfacetowel.com\/vi\/wp-json\/wp\/v2\/product\/658","targetHints":{"allow":["GET"]}}],"collection":[{"href":"https:\/\/magicfacetowel.com\/vi\/wp-json\/wp\/v2\/product"}],"about":[{"href":"https:\/\/magicfacetowel.com\/vi\/wp-json\/wp\/v2\/types\/product"}],"wp:featuredmedia":[{"embeddable":true,"href":"https:\/\/magicfacetowel.com\/vi\/wp-json\/wp\/v2\/media\/655"}],"wp:attachment":[{"href":"https:\/\/magicfacetowel.com\/vi\/wp-json\/wp\/v2\/media?parent=658"}],"wp:term":[{"taxonomy":"product_brand","embeddable":true,"href":"https:\/\/magicfacetowel.com\/vi\/wp-json\/wp\/v2\/product_brand?post=658"},{"taxonomy":"product_cat","embeddable":true,"href":"https:\/\/magicfacetowel.com\/vi\/wp-json\/wp\/v2\/product_cat?post=658"},{"taxonomy":"product_tag","embeddable":true,"href":"https:\/\/magicfacetowel.com\/vi\/wp-json\/wp\/v2\/product_tag?post=658"}],"curies":[{"name":"wp","href":"https:\/\/api.w.org\/{rel}","templated":true}]}}