{"id":657,"date":"2025-12-06T01:11:07","date_gmt":"2025-12-06T01:11:07","guid":{"rendered":"https:\/\/magicfacetowel.com\/?post_type=product&#038;p=657"},"modified":"2025-12-23T08:44:03","modified_gmt":"2025-12-23T08:44:03","slug":"damah-magic-compressed-dry-soft-wipes-20-capsules","status":"publish","type":"product","link":"https:\/\/magicfacetowel.com\/vi\/product\/damah-magic-compressed-dry-soft-wipes-20-capsules\/","title":{"rendered":"Kh\u0103n lau m\u1ec1m kh\u00f4 n\u00e9n DAMAH MAGIC (20 vi\u00ean)"},"content":{"rendered":"<h4>Th\u00f4ng tin c\u01a1 b\u1ea3n<\/h4>\n<table style=\"border-collapse: collapse; width: 434.27pt;\" border=\"0\" width=\"579\" cellspacing=\"0\" cellpadding=\"0\">\n<tbody>\n<tr style=\"height: 27.00pt;\">\n<td class=\"et5\" style=\"height: 27.00pt; width: 121.50pt;\" width=\"162\" height=\"36\">V\u1eadt li\u1ec7u<\/td>\n<td class=\"et6\" style=\"width: 312.75pt;\" width=\"417\">100% s\u1ee3i viscose<\/td>\n<\/tr>\n<tr style=\"height: 16.50pt;\">\n<td class=\"et5\" style=\"height: 16.50pt;\" height=\"22\">\u0110\u1ed9 d\u00e0y<\/td>\n<td class=\"et7\">90g\/m2<\/td>\n<\/tr>\n<tr style=\"height: 16.50pt;\">\n<td class=\"et5\" style=\"height: 16.50pt;\" height=\"22\">K\u00edch c\u1ee1<\/td>\n<td class=\"et7\">25*35cm<\/td>\n<\/tr>\n<tr style=\"height: 16.50pt;\">\n<td class=\"et5\" style=\"height: 16.50pt;\" height=\"22\">Th\u00f4ng s\u1ed1 k\u1ef9 thu\u1eadt h\u1ed9p<\/td>\n<td class=\"et7\">84 Packs<\/td>\n<\/tr>\n<tr style=\"height: 16.50pt;\">\n<td class=\"et5\" style=\"height: 16.50pt;\" height=\"22\">M\u1eabu<\/td>\n<td class=\"et7\">M\u00f4 h\u00ecnh \u0111\u00e1m m\u00e2y 3D Ruyi<\/td>\n<\/tr>\n<tr style=\"height: 16.50pt;\">\n<td class=\"et5\" style=\"height: 16.50pt;\" height=\"22\">H\u1ea1n s\u1eed d\u1ee5ng<\/td>\n<td class=\"et7\">5 n\u0103m<\/td>\n<\/tr>\n<\/tbody>\n<\/table>\n<ul>\n<li>Portable for travel, candy sized, Instantly expands into a small towel when wet, with a dry face.<\/li>\n<li>Independent packaging, clean and hygienic, eliminating pollution.<\/li>\n<li>25 * 35cm enlarged and thickened, skin friendly, soft and not easy to shed fibers, no waste for secondary use.<\/li>\n<li>Thi\u1ebft k\u1ebf b\u1ec1 m\u1eb7t AB, m\u1eabu \u0111\u00e1m m\u00e2y 3D Ruyi b\u00ean A, ma s\u00e1t m\u1ea1nh, si\u00eau thu\u1eadn ti\u1ec7n cho vi\u1ec7c d\u1ee1 m\u00e0ng b\u00f9n, d\u1ec7t tr\u01a1n b\u00ean B l\u00e0m gi\u1ea3m ma s\u00e1t, ch\u0103m s\u00f3c th\u00e2n m\u1eadt, s\u1eed d\u1ee5ng k\u00e9p cho kh\u00f4 v\u00e0 \u01b0\u1edbt.<\/li>\n<\/ul>","protected":false},"excerpt":{"rendered":"<p><strong>Travel Recommendations<\/strong><\/p>\n<ul>\n<li>Portable for travel, increases in size when exposed to water, with a dry face.<\/li>\n<li>Compressed independent packaging, clean and hygienic.<\/li>\n<li>25 * 35cm enlarged and thickened, skin friendly and soft.<\/li>\n<li>AB side design, one towel for dual enjoyment.<\/li>\n<\/ul>","protected":false},"featured_media":653,"template":"","meta":[],"product_brand":[],"product_cat":[27],"product_tag":[],"class_list":{"0":"post-657","1":"product","2":"type-product","3":"status-publish","4":"has-post-thumbnail","6":"product_cat-travel-pack","8":"first","9":"instock","10":"shipping-taxable","11":"product-type-simple"},"_links":{"self":[{"href":"https:\/\/magicfacetowel.com\/vi\/wp-json\/wp\/v2\/product\/657","targetHints":{"allow":["GET"]}}],"collection":[{"href":"https:\/\/magicfacetowel.com\/vi\/wp-json\/wp\/v2\/product"}],"about":[{"href":"https:\/\/magicfacetowel.com\/vi\/wp-json\/wp\/v2\/types\/product"}],"wp:featuredmedia":[{"embeddable":true,"href":"https:\/\/magicfacetowel.com\/vi\/wp-json\/wp\/v2\/media\/653"}],"wp:attachment":[{"href":"https:\/\/magicfacetowel.com\/vi\/wp-json\/wp\/v2\/media?parent=657"}],"wp:term":[{"taxonomy":"product_brand","embeddable":true,"href":"https:\/\/magicfacetowel.com\/vi\/wp-json\/wp\/v2\/product_brand?post=657"},{"taxonomy":"product_cat","embeddable":true,"href":"https:\/\/magicfacetowel.com\/vi\/wp-json\/wp\/v2\/product_cat?post=657"},{"taxonomy":"product_tag","embeddable":true,"href":"https:\/\/magicfacetowel.com\/vi\/wp-json\/wp\/v2\/product_tag?post=657"}],"curies":[{"name":"wp","href":"https:\/\/api.w.org\/{rel}","templated":true}]}}