{"id":652,"date":"2025-12-06T01:07:00","date_gmt":"2025-12-06T01:07:00","guid":{"rendered":"https:\/\/magicfacetowel.com\/?post_type=product&#038;p=652"},"modified":"2025-12-23T08:35:40","modified_gmt":"2025-12-23T08:35:40","slug":"damah-magic-portable-dry-soft-wipes%ef%bc%887-pcs-x-10-packs-carton%ef%bc%89","status":"publish","type":"product","link":"https:\/\/magicfacetowel.com\/vi\/product\/damah-magic-portable-dry-soft-wipes%ef%bc%887-pcs-x-10-packs-carton%ef%bc%89\/","title":{"rendered":"Kh\u0103n lau kh\u00f4 m\u1ec1m di \u0111\u1ed9ng DAMAH MAGIC(7 chi\u1ebfc \u00d7 10 g\u00f3i \/th\u00f9ng)"},"content":{"rendered":"<h4>Th\u00f4ng tin c\u01a1 b\u1ea3n<\/h4>\n<table style=\"border-collapse: collapse; width: 434.27pt;\" border=\"0\" width=\"579\" cellspacing=\"0\" cellpadding=\"0\">\n<tbody>\n<tr style=\"height: 27.00pt;\">\n<td class=\"et5\" style=\"height: 27.00pt; width: 121.50pt;\" width=\"162\" height=\"36\">V\u1eadt li\u1ec7u<\/td>\n<td class=\"et6\" style=\"width: 312.75pt;\" width=\"417\">100% s\u1ee3i viscose<\/td>\n<\/tr>\n<tr style=\"height: 16.50pt;\">\n<td class=\"et5\" style=\"height: 16.50pt;\" height=\"22\">\u0110\u1ed9 d\u00e0y<\/td>\n<td class=\"et7\">90g\/m2<\/td>\n<\/tr>\n<tr style=\"height: 16.50pt;\">\n<td class=\"et5\" style=\"height: 16.50pt;\" height=\"22\">K\u00edch c\u1ee1<\/td>\n<td class=\"et7\">20 * 20cm<\/td>\n<\/tr>\n<tr style=\"height: 16.50pt;\">\n<td class=\"et5\" style=\"height: 16.50pt;\" height=\"22\">Th\u00f4ng s\u1ed1 k\u1ef9 thu\u1eadt h\u1ed9p<\/td>\n<td class=\"et7\">30 g\u00f3i&amp;80 g\u00f3i<\/td>\n<\/tr>\n<tr style=\"height: 16.50pt;\">\n<td class=\"et5\" style=\"height: 16.50pt;\" height=\"22\">M\u1eabu<\/td>\n<td class=\"et7\">M\u00f4 h\u00ecnh \u0111\u00e1m m\u00e2y 3D Ruyi<\/td>\n<\/tr>\n<tr style=\"height: 16.50pt;\">\n<td class=\"et5\" style=\"height: 16.50pt;\" height=\"22\">H\u1ea1n s\u1eed d\u1ee5ng<\/td>\n<td class=\"et7\">5 n\u0103m<\/td>\n<\/tr>\n<\/tbody>\n<\/table>\n<ul>\n<li>Bao b\u00ec di \u0111\u1ed9ng, d\u1ec5 d\u00e0ng \u0111i du l\u1ecbch, 7 mi\u1ebfng m\u1ed7i g\u00f3i, v\u1eeba kh\u00edt v\u00e0o t\u00fai m\u00e0 kh\u00f4ng chi\u1ebfm kh\u00f4ng gian.<\/li>\n<li>C\u1ef1c l\u1edbn v\u00e0 d\u00e0y, th\u1ea5m h\u00fat cao, m\u1ec1m m\u1ea1i v\u00e0 tho\u1ea3i m\u00e1i.<\/li>\n<li>Thi\u1ebft k\u1ebf b\u1ec1 m\u1eb7t AB, m\u1eabu \u0111\u00e1m m\u00e2y 3D Ruyi b\u00ean A, ma s\u00e1t m\u1ea1nh, si\u00eau thu\u1eadn ti\u1ec7n cho vi\u1ec7c d\u1ee1 m\u00e0ng b\u00f9n, d\u1ec7t tr\u01a1n b\u00ean B l\u00e0m gi\u1ea3m ma s\u00e1t, ch\u0103m s\u00f3c th\u00e2n m\u1eadt, s\u1eed d\u1ee5ng k\u00e9p cho kh\u00f4 v\u00e0 \u01b0\u1edbt.<\/li>\n<li>0 ch\u1ea5t hu\u1ef3nh quang, 0 ch\u1ea5t ph\u1ee5 gia, nh\u1eb9 v\u00e0 kh\u00f4ng g\u00e2y k\u00edch \u1ee9ng, an to\u00e0n khi s\u1eed d\u1ee5ng.<\/li>\n<\/ul>","protected":false},"excerpt":{"rendered":"<p><strong>M\u1eb7t h\u00e0ng b\u00e1n ch\u1ea1y nh\u1ea5t<\/strong><\/p>\n<ul>\n<li>Nh\u1ecf g\u1ecdn v\u00e0 di \u0111\u1ed9ng, thu\u1eadn ti\u1ec7n cho vi\u1ec7c \u0111i l\u1ea1i.<\/li>\n<li>H\u1ea5p th\u1ee5 n\u01b0\u1edbc t\u1ed1t, m\u1eb7t kh\u00f4.<\/li>\n<li>Thi\u1ebft k\u1ebf b\u1ec1 m\u1eb7t AB, s\u1ea1ch s\u1ebd v\u00e0 th\u00e2n thi\u1ec7n v\u1edbi da.<\/li>\n<li>Nh\u1eb9 nh\u00e0ng v\u00e0 kh\u00f4ng g\u00e2y k\u00edch \u1ee9ng, an to\u00e0n khi s\u1eed d\u1ee5ng khi \u0111i du l\u1ecbch.<\/li>\n<\/ul>","protected":false},"featured_media":654,"template":"","meta":[],"product_brand":[],"product_cat":[27],"product_tag":[],"class_list":{"0":"post-652","1":"product","2":"type-product","3":"status-publish","4":"has-post-thumbnail","6":"product_cat-travel-pack","8":"first","9":"instock","10":"shipping-taxable","11":"product-type-simple"},"_links":{"self":[{"href":"https:\/\/magicfacetowel.com\/vi\/wp-json\/wp\/v2\/product\/652","targetHints":{"allow":["GET"]}}],"collection":[{"href":"https:\/\/magicfacetowel.com\/vi\/wp-json\/wp\/v2\/product"}],"about":[{"href":"https:\/\/magicfacetowel.com\/vi\/wp-json\/wp\/v2\/types\/product"}],"wp:featuredmedia":[{"embeddable":true,"href":"https:\/\/magicfacetowel.com\/vi\/wp-json\/wp\/v2\/media\/654"}],"wp:attachment":[{"href":"https:\/\/magicfacetowel.com\/vi\/wp-json\/wp\/v2\/media?parent=652"}],"wp:term":[{"taxonomy":"product_brand","embeddable":true,"href":"https:\/\/magicfacetowel.com\/vi\/wp-json\/wp\/v2\/product_brand?post=652"},{"taxonomy":"product_cat","embeddable":true,"href":"https:\/\/magicfacetowel.com\/vi\/wp-json\/wp\/v2\/product_cat?post=652"},{"taxonomy":"product_tag","embeddable":true,"href":"https:\/\/magicfacetowel.com\/vi\/wp-json\/wp\/v2\/product_tag?post=652"}],"curies":[{"name":"wp","href":"https:\/\/api.w.org\/{rel}","templated":true}]}}