{"id":650,"date":"2025-12-05T09:07:18","date_gmt":"2025-12-05T09:07:18","guid":{"rendered":"https:\/\/magicfacetowel.com\/?post_type=product&#038;p=650"},"modified":"2025-12-24T03:18:34","modified_gmt":"2025-12-24T03:18:34","slug":"damah-magic-baby-cloud-feel-all-cotton-soft-towel-300-pieces","status":"publish","type":"product","link":"https:\/\/magicfacetowel.com\/vi\/product\/damah-magic-baby-cloud-feel-all-cotton-soft-towel-300-pieces\/","title":{"rendered":"DAMAH MAGIC Baby Cloud Feel All-Cotton Soft Towel (300 Pieces)"},"content":{"rendered":"<h4>Th\u00f4ng tin c\u01a1 b\u1ea3n<\/h4>\n<table style=\"border-collapse: collapse; width: 411.02pt;\" border=\"0\" width=\"548\" cellspacing=\"0\" cellpadding=\"0\">\n<tbody>\n<tr style=\"height: 27.00pt;\">\n<td class=\"et4\" style=\"height: 27.00pt; width: 121.50pt;\" width=\"162\" height=\"36\">V\u1eadt li\u1ec7u<\/td>\n<td class=\"et5\" style=\"width: 289.50pt;\" width=\"386\">100% Cotton<\/td>\n<\/tr>\n<tr style=\"height: 16.50pt;\">\n<td class=\"et4\" style=\"height: 16.50pt;\" height=\"22\">\u0110\u1ed9 d\u00e0y<\/td>\n<td class=\"et5\">45g\/m\u00b2<\/td>\n<\/tr>\n<tr style=\"height: 16.50pt;\">\n<td class=\"et4\" style=\"height: 16.50pt;\" height=\"22\">K\u00edch c\u1ee1<\/td>\n<td class=\"et5\">120*200mm<\/td>\n<\/tr>\n<tr style=\"height: 16.50pt;\">\n<td class=\"et4\" style=\"height: 16.50pt;\" height=\"22\">Th\u00f4ng s\u1ed1 k\u1ef9 thu\u1eadt h\u1ed9p<\/td>\n<td class=\"et5\">30 Packs<\/td>\n<\/tr>\n<tr style=\"height: 16.50pt;\">\n<td class=\"et4\" style=\"height: 16.50pt;\" height=\"22\">M\u1eabu<\/td>\n<td class=\"et5\">D\u1ec7t tr\u01a1n<\/td>\n<\/tr>\n<tr style=\"height: 16.50pt;\">\n<td class=\"et4\" style=\"height: 16.50pt;\" height=\"22\">H\u1ea1n s\u1eed d\u1ee5ng<\/td>\n<td class=\"et5\">5 n\u0103m<\/td>\n<\/tr>\n<\/tbody>\n<\/table>\n<ul>\n<li>\u0110\u01b0\u1ee3c l\u00e0m t\u1eeb ch\u1ea5t li\u1ec7u cotton 100%, m\u1ec1m m\u1ea1i v\u00e0 th\u00e2n thi\u1ec7n v\u1edbi da.<\/li>\n<li>Thoughtful 120*200mm, small size not to be wasted, more price advantage.<\/li>\n<li>Plain weave combines softness and toughness, avoiding friction and redness.<\/li>\n<li>300 pieces of large capacity, suitable for daily household consumption, affordable and worry free.<\/li>\n<li>Suspended design, does not take up desktop space, easy to extract with one hand.<\/li>\n<\/ul>","protected":false},"excerpt":{"rendered":"<p><strong>M\u1eb9 v\u00e0 b\u00e9\u00b7th\u00f3i quen h\u00e0ng ng\u00e0y<\/strong><\/p>\n<ul>\n<li>100% cotton is as soft as clouds, caring for baby&#8217;s skin.<\/li>\n<li>120*200mm portable size, more cost-effective.<\/li>\n<li>300 pieces of large capacity, affordable and worry free.<\/li>\n<li>Suspension design, easy to operate with one hand.<\/li>\n<\/ul>","protected":false},"featured_media":647,"template":"","meta":[],"product_brand":[],"product_cat":[26],"product_tag":[],"class_list":{"0":"post-650","1":"product","2":"type-product","3":"status-publish","4":"has-post-thumbnail","6":"product_cat-baby-all-cotton-soft-facial-towel","8":"first","9":"instock","10":"shipping-taxable","11":"product-type-simple"},"_links":{"self":[{"href":"https:\/\/magicfacetowel.com\/vi\/wp-json\/wp\/v2\/product\/650","targetHints":{"allow":["GET"]}}],"collection":[{"href":"https:\/\/magicfacetowel.com\/vi\/wp-json\/wp\/v2\/product"}],"about":[{"href":"https:\/\/magicfacetowel.com\/vi\/wp-json\/wp\/v2\/types\/product"}],"wp:featuredmedia":[{"embeddable":true,"href":"https:\/\/magicfacetowel.com\/vi\/wp-json\/wp\/v2\/media\/647"}],"wp:attachment":[{"href":"https:\/\/magicfacetowel.com\/vi\/wp-json\/wp\/v2\/media?parent=650"}],"wp:term":[{"taxonomy":"product_brand","embeddable":true,"href":"https:\/\/magicfacetowel.com\/vi\/wp-json\/wp\/v2\/product_brand?post=650"},{"taxonomy":"product_cat","embeddable":true,"href":"https:\/\/magicfacetowel.com\/vi\/wp-json\/wp\/v2\/product_cat?post=650"},{"taxonomy":"product_tag","embeddable":true,"href":"https:\/\/magicfacetowel.com\/vi\/wp-json\/wp\/v2\/product_tag?post=650"}],"curies":[{"name":"wp","href":"https:\/\/api.w.org\/{rel}","templated":true}]}}