{"id":649,"date":"2025-12-05T09:05:16","date_gmt":"2025-12-05T09:05:16","guid":{"rendered":"https:\/\/magicfacetowel.com\/?post_type=product&#038;p=649"},"modified":"2025-12-24T03:18:13","modified_gmt":"2025-12-24T03:18:13","slug":"damah-magic-baby-cloud-feel-all-cotton-soft-towel-108-pieces","status":"publish","type":"product","link":"https:\/\/magicfacetowel.com\/vi\/product\/damah-magic-baby-cloud-feel-all-cotton-soft-towel-108-pieces\/","title":{"rendered":"Kh\u0103n t\u1eafm DAMAH MAGIC Baby Cloud Feel m\u1ec1m m\u1ea1i nh\u01b0 m\u00e2y, l\u00e0m t\u1eeb 108 mi\u1ebfng cotton."},"content":{"rendered":"<h4>Th\u00f4ng tin c\u01a1 b\u1ea3n<\/h4>\n<table style=\"border-collapse: collapse; width: 411.02pt;\" border=\"0\" width=\"548\" cellspacing=\"0\" cellpadding=\"0\">\n<tbody>\n<tr style=\"height: 27.00pt;\">\n<td class=\"et4\" style=\"height: 27.00pt; width: 121.50pt;\" width=\"162\" height=\"36\">V\u1eadt li\u1ec7u<\/td>\n<td class=\"et5\" style=\"width: 289.50pt;\" width=\"386\">100% Cotton<\/td>\n<\/tr>\n<tr style=\"height: 16.50pt;\">\n<td class=\"et4\" style=\"height: 16.50pt;\" height=\"22\">\u0110\u1ed9 d\u00e0y<\/td>\n<td class=\"et5\">45g\/m\u00b2<\/td>\n<\/tr>\n<tr style=\"height: 16.50pt;\">\n<td class=\"et4\" style=\"height: 16.50pt;\" height=\"22\">K\u00edch c\u1ee1<\/td>\n<td class=\"et5\">120*200mm<\/td>\n<\/tr>\n<tr style=\"height: 16.50pt;\">\n<td class=\"et4\" style=\"height: 16.50pt;\" height=\"22\">Th\u00f4ng s\u1ed1 k\u1ef9 thu\u1eadt h\u1ed9p<\/td>\n<td class=\"et5\">105 g\u00f3i<\/td>\n<\/tr>\n<tr style=\"height: 16.50pt;\">\n<td class=\"et4\" style=\"height: 16.50pt;\" height=\"22\">M\u1eabu<\/td>\n<td class=\"et5\">D\u1ec7t tr\u01a1n<\/td>\n<\/tr>\n<tr style=\"height: 16.50pt;\">\n<td class=\"et4\" style=\"height: 16.50pt;\" height=\"22\">H\u1ea1n s\u1eed d\u1ee5ng<\/td>\n<td class=\"et5\">5 n\u0103m<\/td>\n<\/tr>\n<\/tbody>\n<\/table>\n<ul>\n<li>\u0110\u01b0\u1ee3c l\u00e0m t\u1eeb ch\u1ea5t li\u1ec7u cotton 100%, m\u1ec1m m\u1ea1i v\u00e0 th\u00e2n thi\u1ec7n v\u1edbi da.<\/li>\n<li>K\u00edch th\u01b0\u1edbc nh\u1ecf g\u1ecdn 120*200mm, m\u1ed9t t\u1edd gi\u1ea5y c\u00f3 th\u1ec3 d\u1ec5 d\u00e0ng x\u1eed l\u00fd nhi\u1ec1u t\u00ecnh hu\u1ed1ng v\u1ec7 sinh kh\u00e1c nhau, ti\u1ec7n d\u1ee5ng v\u00e0 kh\u00f4ng c\u1ea7n lo l\u1eafng.<\/li>\n<li>C\u1ea5u tr\u00fac nh\u1ecf g\u1ecdn, kh\u00f3 b\u1ecb bi\u1ebfn d\u1ea1ng, \u0111\u1ed9 b\u1ec1n \u0111\u01b0\u1ee3c n\u00e2ng cao.<\/li>\n<li>V\u1ea3i d\u1ec7t tr\u01a1n hai m\u1eb7t m\u1ecfng manh, m\u1ec1m m\u1ea1i nh\u01b0ng \u0111\u00e0n h\u1ed3i, nh\u1eb9 nh\u00e0ng b\u00e1m v\u00e0o da, tr\u00e1nh ma s\u00e1t v\u00e0 m\u1ea9n \u0111\u1ecf.<\/li>\n<li>B\u1ed9 108 m\u00f3n n\u00e0y nh\u1eb9 v\u00e0 d\u1ec5 c\u1ea5t gi\u1eef trong t\u00fai, \u0111\u00e1p \u1ee9ng nhu c\u1ea7u mang theo h\u00e0ng ng\u00e0y t\u1ea1i nh\u00e0 ho\u1eb7c khi \u0111i d\u00e3 ngo\u1ea1i b\u1ea5t c\u1ee9 l\u00fac n\u00e0o.<\/li>\n<\/ul>","protected":false},"excerpt":{"rendered":"<p><strong>M\u1eb9 v\u00e0 b\u00e9\u00b7th\u00f3i quen h\u00e0ng ng\u00e0y<\/strong><\/p>\n<ul>\n<li>Ch\u1ea5t li\u1ec7u cotton 100%, m\u1ec1m m\u1ea1i nh\u01b0 m\u00e2y, ch\u0103m s\u00f3c l\u00e0n da b\u00e9.<\/li>\n<li>120*200mm portable size, easy to handle daily baby care.<\/li>\n<li>Plain weave reduces friction and avoids redness.<\/li>\n<li>Lightweight and portable, suitable for both home and outdoor use.<\/li>\n<\/ul>","protected":false},"featured_media":646,"template":"","meta":[],"product_brand":[],"product_cat":[26],"product_tag":[],"class_list":{"0":"post-649","1":"product","2":"type-product","3":"status-publish","4":"has-post-thumbnail","6":"product_cat-baby-all-cotton-soft-facial-towel","8":"first","9":"instock","10":"shipping-taxable","11":"product-type-simple"},"_links":{"self":[{"href":"https:\/\/magicfacetowel.com\/vi\/wp-json\/wp\/v2\/product\/649","targetHints":{"allow":["GET"]}}],"collection":[{"href":"https:\/\/magicfacetowel.com\/vi\/wp-json\/wp\/v2\/product"}],"about":[{"href":"https:\/\/magicfacetowel.com\/vi\/wp-json\/wp\/v2\/types\/product"}],"wp:featuredmedia":[{"embeddable":true,"href":"https:\/\/magicfacetowel.com\/vi\/wp-json\/wp\/v2\/media\/646"}],"wp:attachment":[{"href":"https:\/\/magicfacetowel.com\/vi\/wp-json\/wp\/v2\/media?parent=649"}],"wp:term":[{"taxonomy":"product_brand","embeddable":true,"href":"https:\/\/magicfacetowel.com\/vi\/wp-json\/wp\/v2\/product_brand?post=649"},{"taxonomy":"product_cat","embeddable":true,"href":"https:\/\/magicfacetowel.com\/vi\/wp-json\/wp\/v2\/product_cat?post=649"},{"taxonomy":"product_tag","embeddable":true,"href":"https:\/\/magicfacetowel.com\/vi\/wp-json\/wp\/v2\/product_tag?post=649"}],"curies":[{"name":"wp","href":"https:\/\/api.w.org\/{rel}","templated":true}]}}