{"id":636,"date":"2025-12-05T08:48:15","date_gmt":"2025-12-05T08:48:15","guid":{"rendered":"https:\/\/magicfacetowel.com\/?post_type=product&#038;p=636"},"modified":"2025-12-23T08:40:16","modified_gmt":"2025-12-23T08:40:16","slug":"damah-magic-all-cotton-soft-facial-towel-72-pieces","status":"publish","type":"product","link":"https:\/\/magicfacetowel.com\/vi\/product\/damah-magic-all-cotton-soft-facial-towel-72-pieces\/","title":{"rendered":"Kh\u0103n M\u1eb7t M\u1ec1m To\u00e0n B\u00f4ng DAMAH MAGIC (72 C\u00e1i)"},"content":{"rendered":"<h4>Th\u00f4ng tin c\u01a1 b\u1ea3n<\/h4>\n<table style=\"border-collapse: collapse; width: 336.02pt;\" border=\"0\" width=\"448\" cellspacing=\"0\" cellpadding=\"0\">\n<tbody>\n<tr style=\"height: 27.00pt;\">\n<td class=\"et4\" style=\"height: 27.00pt; width: 121.50pt;\" width=\"162\" height=\"36\">V\u1eadt li\u1ec7u<\/td>\n<td class=\"et5\" style=\"width: 214.50pt;\" width=\"286\">100% Cotton<\/td>\n<\/tr>\n<tr style=\"height: 16.50pt;\">\n<td class=\"et4\" style=\"height: 16.50pt;\" height=\"22\">\u0110\u1ed9 d\u00e0y<\/td>\n<td class=\"et5\">45g\/m\u00b2<\/td>\n<\/tr>\n<tr style=\"height: 16.50pt;\">\n<td class=\"et4\" style=\"height: 16.50pt;\" height=\"22\">K\u00edch c\u1ee1<\/td>\n<td class=\"et5\">20 * 20cm<\/td>\n<\/tr>\n<tr style=\"height: 16.50pt;\">\n<td class=\"et4\" style=\"height: 16.50pt;\" height=\"22\">Th\u00f4ng s\u1ed1 k\u1ef9 thu\u1eadt h\u1ed9p<\/td>\n<td class=\"et5\">168 Packs<\/td>\n<\/tr>\n<tr style=\"height: 16.50pt;\">\n<td class=\"et4\" style=\"height: 16.50pt;\" height=\"22\">M\u1eabu<\/td>\n<td class=\"et5\">D\u1ec7t tr\u01a1n<\/td>\n<\/tr>\n<tr style=\"height: 16.50pt;\">\n<td class=\"et4\" style=\"height: 16.50pt;\" height=\"22\">H\u1ea1n s\u1eed d\u1ee5ng<\/td>\n<td class=\"et5\">5 n\u0103m<\/td>\n<\/tr>\n<\/tbody>\n<\/table>\n<ul>\n<li>100% cotton, soft and skin friendly, providing gentle care for the skin.<\/li>\n<li>Without adding fluorescent agent, alcohol and essence, it is mild and non irritating, and sensitive muscles can also be used with confidence.<\/li>\n<li>The plain weave design is smooth and delicate, reducing skin friction and providing a more comfortable cleansing experience.<\/li>\n<li>Water jet technology, naturally degradable, environmentally friendly and burden free.<\/li>\n<\/ul>","protected":false},"excerpt":{"rendered":"<ul>\n<li>100% cotton soft and skin friendly, gentle care.<\/li>\n<li>Simple formula, suitable for sensitive skin.<\/li>\n<li>Delicate plain weave, reducing friction.<\/li>\n<li>72 pieces can be used and stored at any time, environmentally friendly technology, naturally biodegradable.<\/li>\n<\/ul>","protected":false},"featured_media":638,"template":"","meta":[],"product_brand":[],"product_cat":[25],"product_tag":[],"class_list":{"0":"post-636","1":"product","2":"type-product","3":"status-publish","4":"has-post-thumbnail","6":"product_cat-all-cotton-soft-facial-towel","8":"first","9":"instock","10":"shipping-taxable","11":"product-type-simple"},"_links":{"self":[{"href":"https:\/\/magicfacetowel.com\/vi\/wp-json\/wp\/v2\/product\/636","targetHints":{"allow":["GET"]}}],"collection":[{"href":"https:\/\/magicfacetowel.com\/vi\/wp-json\/wp\/v2\/product"}],"about":[{"href":"https:\/\/magicfacetowel.com\/vi\/wp-json\/wp\/v2\/types\/product"}],"wp:featuredmedia":[{"embeddable":true,"href":"https:\/\/magicfacetowel.com\/vi\/wp-json\/wp\/v2\/media\/638"}],"wp:attachment":[{"href":"https:\/\/magicfacetowel.com\/vi\/wp-json\/wp\/v2\/media?parent=636"}],"wp:term":[{"taxonomy":"product_brand","embeddable":true,"href":"https:\/\/magicfacetowel.com\/vi\/wp-json\/wp\/v2\/product_brand?post=636"},{"taxonomy":"product_cat","embeddable":true,"href":"https:\/\/magicfacetowel.com\/vi\/wp-json\/wp\/v2\/product_cat?post=636"},{"taxonomy":"product_tag","embeddable":true,"href":"https:\/\/magicfacetowel.com\/vi\/wp-json\/wp\/v2\/product_tag?post=636"}],"curies":[{"name":"wp","href":"https:\/\/api.w.org\/{rel}","templated":true}]}}