{"id":623,"date":"2025-12-05T08:25:07","date_gmt":"2025-12-05T08:25:07","guid":{"rendered":"https:\/\/magicfacetowel.com\/?post_type=product&#038;p=623"},"modified":"2025-12-23T08:39:37","modified_gmt":"2025-12-23T08:39:37","slug":"damah-magic-roll-dry-soft-facial-towel-260g-72pieces","status":"publish","type":"product","link":"https:\/\/magicfacetowel.com\/vi\/product\/damah-magic-roll-dry-soft-facial-towel-260g-72pieces\/","title":{"rendered":"Kh\u0103n M\u1eb7t Kh\u00f4 M\u1ec1m DAMAH MAGIC Roll (260g\/72Pieces)"},"content":{"rendered":"<h4>Th\u00f4ng tin c\u01a1 b\u1ea3n<\/h4>\n<table style=\"border-collapse: collapse; width: 421.52pt;\" border=\"0\" width=\"562\" cellspacing=\"0\" cellpadding=\"0\">\n<tbody>\n<tr style=\"height: 27.00pt;\">\n<td class=\"et4\" style=\"height: 27.00pt; width: 121.50pt;\" width=\"162\" height=\"36\">V\u1eadt li\u1ec7u<\/td>\n<td class=\"et5\" style=\"width: 300.00pt;\" width=\"400\">100% s\u1ee3i viscose<\/td>\n<\/tr>\n<tr style=\"height: 16.50pt;\">\n<td class=\"et4\" style=\"height: 16.50pt;\" height=\"22\">\u0110\u1ed9 d\u00e0y<\/td>\n<td class=\"et6\">90g\/m2<\/td>\n<\/tr>\n<tr style=\"height: 16.50pt;\">\n<td class=\"et4\" style=\"height: 16.50pt;\" height=\"22\">K\u00edch c\u1ee1<\/td>\n<td class=\"et6\">20 * 20cm<\/td>\n<\/tr>\n<tr style=\"height: 16.50pt;\">\n<td class=\"et4\" style=\"height: 16.50pt;\" height=\"22\">Th\u00f4ng s\u1ed1 k\u1ef9 thu\u1eadt h\u1ed9p<\/td>\n<td class=\"et6\">24 g\u00f3i&amp;64 g\u00f3i<\/td>\n<\/tr>\n<tr style=\"height: 16.50pt;\">\n<td class=\"et4\" style=\"height: 16.50pt;\" height=\"22\">M\u1eabu<\/td>\n<td class=\"et6\">M\u00f4 h\u00ecnh \u0111\u00e1m m\u00e2y 3D Ruyi<\/td>\n<\/tr>\n<tr style=\"height: 16.50pt;\">\n<td class=\"et4\" style=\"height: 16.50pt;\" height=\"22\">H\u1ea1n s\u1eed d\u1ee5ng<\/td>\n<td class=\"et6\">5 n\u0103m<\/td>\n<\/tr>\n<\/tbody>\n<\/table>\n<ul>\n<li>20 \u00d7 20cm m\u1edf r\u1ed9ng v\u00e0 d\u00e0y l\u00ean, m\u1ed9t l\u1ea7n lau kh\u1eafp m\u1eb7t, thay th\u1ebf kh\u0103n truy\u1ec1n th\u1ed1ng \u0111\u1ec3 duy tr\u00ec s\u1ee9c kh\u1ecfe c\u1ee7a da.<\/li>\n<li>Ng d\u1ee5ng k\u00e9p \u01b0\u1edbt v\u00e0 kh\u00f4, kh\u00f4ng d\u1ec5 b\u1ecb v\u1ee1 b\u1edfi n\u01b0\u1edbc \u01b0\u1edbt, c\u00f3 th\u1ec3 \u0111\u01b0\u1ee3c s\u1eed d\u1ee5ng \u0111\u1ec3 l\u00e0m s\u1ea1ch v\u00e0 t\u1ea9y trang, v\u00e0 c\u00f3 th\u1ec3 \u0111\u01b0\u1ee3c t\u00e1i s\u1eed d\u1ee5ng m\u00e0 kh\u00f4ng l\u00e3ng ph\u00ed.<\/li>\n<li>Kh\u00f4ng c\u00f3 ch\u1ea5t hu\u1ef3nh quang, \u0111\u01b0\u1ee3c s\u1ea3n xu\u1ea5t trong x\u01b0\u1edfng v\u00f4 tr\u00f9ng, t\u1ef1 nhi\u00ean v\u00e0 an to\u00e0n, th\u00e2n thi\u1ec7n v\u1edbi da, m\u1ec1m m\u1ea1i v\u00e0 kh\u00f4ng d\u1ec5 b\u1ecb r\u1ee5ng s\u1ee3i.<\/li>\n<li>Thi\u1ebft k\u1ebf b\u1ec1 m\u1eb7t AB, m\u1eabu \u0111\u00e1m m\u00e2y 3D Ruyi \u0111\u01b0\u1ee3c c\u1ea5p b\u1eb1ng s\u00e1ng ch\u1ebf A-side, ma s\u00e1t m\u1ea1nh, m\u00e0ng lo\u1ea1i b\u1ecf b\u00f9n si\u00eau ti\u1ec7n l\u1ee3i, d\u1ec7t tr\u01a1n B-side gi\u1ea3m ma s\u00e1t, ph\u00f9 h\u1ee3p v\u1edbi da nh\u1ea1y c\u1ea3m, ch\u0103m s\u00f3c da m\u1ecfng manh.<\/li>\n<\/ul>","protected":false},"excerpt":{"rendered":"<p><strong>M\u1eb7t h\u00e0ng b\u00e1n ch\u1ea1y nh\u1ea5t<\/strong><\/p>\n<ul>\n<li>S\u1ea3n ph\u1ea9m b\u00e1n ch\u1ea1y v\u00e0 n\u1ed5, bao b\u00ec k\u00edn v\u1edbi c\u00e1ch ly k\u00e9p c\u1ee7a vi khu\u1ea9n, bao b\u00ec cu\u1ed9n \u0111\u01a1n gi\u1ea3n v\u00e0 kh\u00ed quy\u1ec3n, thi\u1ebft k\u1ebf d\u00e2y r\u00fat \u0111\u1ec3 treo.<\/li>\n<li>Ph\u00f3ng to v\u00e0 d\u00e0y l\u00ean, lau kh\u00f4 to\u00e0n b\u1ed9 khu\u00f4n m\u1eb7t, kh\u00f4ng c\u00f3 ch\u1ea5t hu\u1ef3nh quang, t\u1ef1 nhi\u00ean v\u00e0 an to\u00e0n.<\/li>\n<li>Thi\u1ebft k\u1ebf b\u1ec1 m\u1eb7t AB v\u1edbi kh\u0103n m\u1eb7t \u0111\u1ec3 th\u01b0\u1edfng th\u1ee9c k\u00e9p, b\u1ec1 m\u1eb7t m\u00f4 h\u00ecnh \u0111\u00e1m m\u00e2y 3D Ruyi cho hi\u1ec7u qu\u1ea3 l\u00e0m s\u1ea1ch t\u1ed1t, v\u00e0 b\u1ec1 m\u1eb7t d\u1ec7t tr\u01a1n \u0111\u1ec3 s\u1eed d\u1ee5ng h\u00e0ng ng\u00e0y tinh t.<\/li>\n<\/ul>","protected":false},"featured_media":624,"template":"","meta":[],"product_brand":[],"product_cat":[24],"product_tag":[],"class_list":{"0":"post-623","1":"product","2":"type-product","3":"status-publish","4":"has-post-thumbnail","6":"product_cat-facial-towels","8":"first","9":"instock","10":"shipping-taxable","11":"product-type-simple"},"_links":{"self":[{"href":"https:\/\/magicfacetowel.com\/vi\/wp-json\/wp\/v2\/product\/623","targetHints":{"allow":["GET"]}}],"collection":[{"href":"https:\/\/magicfacetowel.com\/vi\/wp-json\/wp\/v2\/product"}],"about":[{"href":"https:\/\/magicfacetowel.com\/vi\/wp-json\/wp\/v2\/types\/product"}],"wp:featuredmedia":[{"embeddable":true,"href":"https:\/\/magicfacetowel.com\/vi\/wp-json\/wp\/v2\/media\/624"}],"wp:attachment":[{"href":"https:\/\/magicfacetowel.com\/vi\/wp-json\/wp\/v2\/media?parent=623"}],"wp:term":[{"taxonomy":"product_brand","embeddable":true,"href":"https:\/\/magicfacetowel.com\/vi\/wp-json\/wp\/v2\/product_brand?post=623"},{"taxonomy":"product_cat","embeddable":true,"href":"https:\/\/magicfacetowel.com\/vi\/wp-json\/wp\/v2\/product_cat?post=623"},{"taxonomy":"product_tag","embeddable":true,"href":"https:\/\/magicfacetowel.com\/vi\/wp-json\/wp\/v2\/product_tag?post=623"}],"curies":[{"name":"wp","href":"https:\/\/api.w.org\/{rel}","templated":true}]}}