{"id":573,"date":"2025-12-08T06:45:46","date_gmt":"2025-12-08T06:45:46","guid":{"rendered":"https:\/\/magicfacetowel.com\/?page_id=573"},"modified":"2025-12-18T02:46:29","modified_gmt":"2025-12-18T02:46:29","slug":"refund-policy","status":"publish","type":"page","link":"https:\/\/magicfacetowel.com\/vi\/refund-policy\/","title":{"rendered":"Ch\u00ednh s\u00e1ch ho\u00e0n ti\u1ec1n"},"content":{"rendered":"<style>.elementor-573 .elementor-element.elementor-element-eb2b3ad{--display:flex;--flex-direction:column;--container-widget-width:100%;--container-widget-height:initial;--container-widget-flex-grow:0;--container-widget-align-self:initial;--flex-wrap-mobile:wrap;--margin-top:-107px;--margin-bottom:0px;--margin-left:0px;--margin-right:0px;--padding-top:0px;--padding-bottom:0px;--padding-left:24px;--padding-right:24px;}.elementor-573 .elementor-element.elementor-element-2b3c825{--display:flex;--overlay-opacity:0.8;--border-radius:24px 24px 24px 24px;--padding-top:0px;--padding-bottom:0px;--padding-left:0px;--padding-right:0px;}.elementor-573 .elementor-element.elementor-element-2b3c825:not(.elementor-motion-effects-element-type-background), .elementor-573 .elementor-element.elementor-element-2b3c825 > .elementor-motion-effects-container > .elementor-motion-effects-layer{background-image:url(\"https:\/\/magicfacetowel.com\/wp-content\/uploads\/2025\/12\/productsphoto.jpg\");background-position:bottom center;background-repeat:no-repeat;background-size:cover;}.elementor-573 .elementor-element.elementor-element-2b3c825::before, .elementor-573 .elementor-element.elementor-element-2b3c825 > .elementor-background-video-container::before, .elementor-573 .elementor-element.elementor-element-2b3c825 > .e-con-inner > .elementor-background-video-container::before, .elementor-573 .elementor-element.elementor-element-2b3c825 > .elementor-background-slideshow::before, .elementor-573 .elementor-element.elementor-element-2b3c825 > .e-con-inner > .elementor-background-slideshow::before, .elementor-573 .elementor-element.elementor-element-2b3c825 > .elementor-motion-effects-container > .elementor-motion-effects-layer::before{--background-overlay:'';background-color:transparent;background-image:linear-gradient(180deg, var( --e-global-color-ca6b9c0 ) 30%, var( --e-global-color-b3aaef1 ) 200%);}.elementor-573 .elementor-element.elementor-element-6b3ba55{--display:flex;--flex-direction:column;--container-widget-width:100%;--container-widget-height:initial;--container-widget-flex-grow:0;--container-widget-align-self:initial;--flex-wrap-mobile:wrap;--gap:82px 82px;--row-gap:82px;--column-gap:82px;--margin-top:206px;--margin-bottom:32px;--margin-left:0px;--margin-right:0px;}.elementor-573 .elementor-element.elementor-element-9160f5a{--display:flex;--align-items:center;--container-widget-width:calc( ( 1 - var( --container-widget-flex-grow ) ) * 100% );--gap:16px 16px;--row-gap:16px;--column-gap:16px;}.elementor-573 .elementor-element.elementor-element-9160f5a.e-con{--align-self:center;}.elementor-573 .elementor-element.elementor-element-4154837 .elementor-heading-title{color:var( --e-global-color-accent );}.elementor-573 .elementor-element.elementor-element-4438a52{text-align:center;width:var( --container-widget-width, 99% );max-width:99%;--container-widget-width:99%;--container-widget-flex-grow:0;}.elementor-573 .elementor-element.elementor-element-4438a52 .elementor-heading-title{font-family:var( --e-global-typography-6be4107-font-family ), Sans-serif;font-size:var( --e-global-typography-6be4107-font-size );font-weight:var( --e-global-typography-6be4107-font-weight );line-height:var( --e-global-typography-6be4107-line-height );letter-spacing:var( --e-global-typography-6be4107-letter-spacing );word-spacing:var( --e-global-typography-6be4107-word-spacing );color:var( --e-global-color-4f7cc1a );}.elementor-573 .elementor-element.elementor-element-b6c5db6{--display:flex;--flex-direction:row;--container-widget-width:initial;--container-widget-height:100%;--container-widget-flex-grow:1;--container-widget-align-self:stretch;--flex-wrap-mobile:wrap;--justify-content:center;--gap:4px 4px;--row-gap:4px;--column-gap:4px;--overlay-opacity:1;border-style:solid;--border-style:solid;border-width:1px 1px 1px 1px;--border-top-width:1px;--border-right-width:1px;--border-bottom-width:1px;--border-left-width:1px;border-color:var( --e-global-color-a9ed6c5 );--border-color:var( --e-global-color-a9ed6c5 );--border-radius:32px 32px 32px 32px;--padding-top:16px;--padding-bottom:16px;--padding-left:24px;--padding-right:24px;}.elementor-573 .elementor-element.elementor-element-b6c5db6::before, .elementor-573 .elementor-element.elementor-element-b6c5db6 > .elementor-background-video-container::before, .elementor-573 .elementor-element.elementor-element-b6c5db6 > .e-con-inner > .elementor-background-video-container::before, .elementor-573 .elementor-element.elementor-element-b6c5db6 > .elementor-background-slideshow::before, .elementor-573 .elementor-element.elementor-element-b6c5db6 > .e-con-inner > .elementor-background-slideshow::before, .elementor-573 .elementor-element.elementor-element-b6c5db6 > .elementor-motion-effects-container > .elementor-motion-effects-layer::before{--background-overlay:'';background-color:transparent;background-image:linear-gradient(180deg, var( --e-global-color-b3aaef1 ) 0%, var( --e-global-color-a9ed6c5 ) 100%);}.elementor-573 .elementor-element.elementor-element-b6c5db6.e-con{--align-self:center;}.elementor-573 .elementor-element.elementor-element-b6c5db6.elementor-element.e-flex::before{content:\"\";width:100%;height:100%;position:absolute;left:0;top:0;-webkit-backdrop-filter:blur(20px);backdrop-filter:blur(20px);border-radius:inherit;background-color:inherit;}.elementor-573 .elementor-element.elementor-element-71d73f0 .elementor-icon-list-icon i{color:var( --e-global-color-ca21e09 );transition:color 0.3s;}.elementor-573 .elementor-element.elementor-element-71d73f0 .elementor-icon-list-icon svg{fill:var( --e-global-color-ca21e09 );transition:fill 0.3s;}.elementor-573 .elementor-element.elementor-element-71d73f0{--e-icon-list-icon-size:14px;--icon-vertical-offset:0px;}.elementor-573 .elementor-element.elementor-element-71d73f0 .elementor-icon-list-text{color:var( --e-global-color-5f03aca );transition:color 0.3s;}.elementor-573 .elementor-element.elementor-element-26e68e1{--display:flex;--flex-direction:column;--container-widget-width:100%;--container-widget-height:initial;--container-widget-flex-grow:0;--container-widget-align-self:initial;--flex-wrap-mobile:wrap;--margin-top:0px;--margin-bottom:0px;--margin-left:0px;--margin-right:0px;--padding-top:0px;--padding-bottom:0px;--padding-left:24px;--padding-right:24px;}.elementor-573 .elementor-element.elementor-element-48b6410{--display:flex;--border-radius:20px 20px 0px 0px;--padding-top:120px;--padding-bottom:120px;--padding-left:0px;--padding-right:0px;}.elementor-573 .elementor-element.elementor-element-48b6410:not(.elementor-motion-effects-element-type-background), .elementor-573 .elementor-element.elementor-element-48b6410 > .elementor-motion-effects-container > .elementor-motion-effects-layer{background-color:var( --e-global-color-4f7cc1a );}:root{--page-title-display:none;}@media(min-width:768px){.elementor-573 .elementor-element.elementor-element-9160f5a{--width:100%;}.elementor-573 .elementor-element.elementor-element-b6c5db6{--width:fit-content;}}@media(max-width:1024px){.elementor-573 .elementor-element.elementor-element-eb2b3ad{--margin-top:-124px;--margin-bottom:0px;--margin-left:0px;--margin-right:0px;--padding-top:20px;--padding-bottom:0px;--padding-left:20px;--padding-right:20px;}.elementor-573 .elementor-element.elementor-element-2b3c825{--padding-top:0px;--padding-bottom:0px;--padding-left:20px;--padding-right:20px;}.elementor-573 .elementor-element.elementor-element-4438a52 .elementor-heading-title{font-size:var( --e-global-typography-6be4107-font-size );line-height:var( --e-global-typography-6be4107-line-height );letter-spacing:var( --e-global-typography-6be4107-letter-spacing );word-spacing:var( --e-global-typography-6be4107-word-spacing );}.elementor-573 .elementor-element.elementor-element-4438a52{width:var( --container-widget-width, 50% );max-width:50%;--container-widget-width:50%;--container-widget-flex-grow:0;}.elementor-573 .elementor-element.elementor-element-26e68e1{--margin-top:0px;--margin-bottom:0px;--margin-left:0px;--margin-right:0px;--padding-top:0px;--padding-bottom:0px;--padding-left:20px;--padding-right:20px;}.elementor-573 .elementor-element.elementor-element-48b6410{--padding-top:120px;--padding-bottom:120px;--padding-left:20px;--padding-right:20px;}}@media(max-width:767px){.elementor-573 .elementor-element.elementor-element-eb2b3ad{--margin-top:-116px;--margin-bottom:0px;--margin-left:0px;--margin-right:0px;}.elementor-573 .elementor-element.elementor-element-6b3ba55{--gap:42px 42px;--row-gap:42px;--column-gap:42px;--margin-top:196px;--margin-bottom:120px;--margin-left:0px;--margin-right:0px;}.elementor-573 .elementor-element.elementor-element-4438a52 .elementor-heading-title{font-size:var( --e-global-typography-6be4107-font-size );line-height:var( --e-global-typography-6be4107-line-height );letter-spacing:var( --e-global-typography-6be4107-letter-spacing );word-spacing:var( --e-global-typography-6be4107-word-spacing );}.elementor-573 .elementor-element.elementor-element-4438a52{width:100%;max-width:100%;}.elementor-573 .elementor-element.elementor-element-b6c5db6{--flex-wrap:nowrap;}.elementor-573 .elementor-element.elementor-element-26e68e1{--margin-top:0px;--margin-bottom:0px;--margin-left:0px;--margin-right:0px;--padding-top:0px;--padding-bottom:0px;--padding-left:20px;--padding-right:20px;}.elementor-573 .elementor-element.elementor-element-48b6410{--margin-top:0px;--margin-bottom:0px;--margin-left:0px;--margin-right:0px;--padding-top:80px;--padding-bottom:80px;--padding-left:0px;--padding-right:0px;}}@media(min-width:1025px){.elementor-573 .elementor-element.elementor-element-2b3c825:not(.elementor-motion-effects-element-type-background), .elementor-573 .elementor-element.elementor-element-2b3c825 > .elementor-motion-effects-container > .elementor-motion-effects-layer{background-attachment:fixed;}}<\/style>\t\t<div data-elementor-type=\"wp-page\" data-elementor-id=\"573\" class=\"elementor elementor-573\" data-elementor-post-type=\"page\">\n\t\t\t\t<div class=\"elementor-element elementor-element-eb2b3ad e-con-full e-flex e-con e-parent\" data-id=\"eb2b3ad\" data-element_type=\"container\" data-e-type=\"container\" data-settings=\"{&quot;background_background&quot;:&quot;classic&quot;}\">\n\t\t<div class=\"elementor-element elementor-element-2b3c825 animated-slow e-flex e-con-boxed elementor-invisible e-con e-child\" data-id=\"2b3c825\" data-element_type=\"container\" data-e-type=\"container\" data-settings=\"{&quot;background_background&quot;:&quot;classic&quot;,&quot;animation&quot;:&quot;fadeIn&quot;,&quot;animation_mobile&quot;:&quot;none&quot;,&quot;animation_delay&quot;:300}\">\n\t\t\t\t\t<div class=\"e-con-inner\">\n\t\t<div class=\"elementor-element elementor-element-6b3ba55 e-con-full e-flex e-con e-child\" data-id=\"6b3ba55\" data-element_type=\"container\" data-e-type=\"container\">\n\t\t<div class=\"elementor-element elementor-element-9160f5a e-con-full e-flex e-con e-child\" data-id=\"9160f5a\" data-element_type=\"container\" data-e-type=\"container\">\n\t\t\t\t<div class=\"elementor-element elementor-element-4154837 elementor-widget elementor-widget-heading\" data-id=\"4154837\" data-element_type=\"widget\" data-e-type=\"widget\" data-widget_type=\"heading.default\">\n\t\t\t\t\t<h2 class=\"elementor-heading-title elementor-size-default\">Ch\u00ednh s\u00e1ch ho\u00e0n ti\u1ec1n<\/h2>\t\t\t\t<\/div>\n\t\t\t\t<div class=\"elementor-element elementor-element-4438a52 elementor-widget__width-initial elementor-widget-mobile__width-inherit elementor-widget-tablet__width-initial elementor-widget elementor-widget-heading\" data-id=\"4438a52\" data-element_type=\"widget\" data-e-type=\"widget\" data-widget_type=\"heading.default\">\n\t\t\t\t\t<p class=\"elementor-heading-title elementor-size-default\">Kh\u00f4ng ch\u1ec9 d\u1eebng l\u1ea1i \u1edf ch\u1ea5t li\u1ec7u cotton 100%, ch\u00fang t\u00f4i cam k\u1ebft s\u1ebd ti\u1ebfp t\u1ee5c nghi\u00ean c\u1ee9u th\u00eam nhi\u1ec1u lo\u1ea1i v\u1eadt li\u1ec7u kh\u00e1c.<\/p>\t\t\t\t<\/div>\n\t\t\t\t<\/div>\n\t\t<div class=\"elementor-element elementor-element-b6c5db6 e-con-full e-flex e-con e-child\" data-id=\"b6c5db6\" data-element_type=\"container\" data-e-type=\"container\">\n\t\t\t\t<div class=\"elementor-element elementor-element-71d73f0 elementor-icon-list--layout-inline elementor-list-item-link-full_width elementor-widget elementor-widget-icon-list\" data-id=\"71d73f0\" data-element_type=\"widget\" data-e-type=\"widget\" data-widget_type=\"icon-list.default\">\n\t\t\t\t\t\t\t<ul class=\"elementor-icon-list-items elementor-inline-items\">\n\t\t\t\t\t\t\t<li class=\"elementor-icon-list-item elementor-inline-item\">\n\t\t\t\t\t\t\t\t\t\t\t<a href=\"https:\/\/magicfacetowel.com\/vi\/\">\n\n\t\t\t\t\t\t\t\t\t\t\t\t<span class=\"elementor-icon-list-icon\">\n\t\t\t\t\t\t\t<svg aria-hidden=\"true\" class=\"e-font-icon-svg e-fas-home\" viewbox=\"0 0 576 512\" xmlns=\"http:\/\/www.w3.org\/2000\/svg\"><path d=\"M280.37 148.26L96 300.11V464a16 16 0 0 0 16 16l112.06-.29a16 16 0 0 0 15.92-16V368a16 16 0 0 1 16-16h64a16 16 0 0 1 16 16v95.64a16 16 0 0 0 16 16.05L464 480a16 16 0 0 0 16-16V300L295.67 148.26a12.19 12.19 0 0 0-15.3 0zM571.6 251.47L488 182.56V44.05a12 12 0 0 0-12-12h-56a12 12 0 0 0-12 12v72.61L318.47 43a48 48 0 0 0-61 0L4.34 251.47a12 12 0 0 0-1.6 16.9l25.5 31A12 12 0 0 0 45.15 301l235.22-193.74a12.19 12.19 0 0 1 15.3 0L530.9 301a12 12 0 0 0 16.9-1.6l25.5-31a12 12 0 0 0-1.7-16.93z\"><\/path><\/svg>\t\t\t\t\t\t<\/span>\n\t\t\t\t\t\t\t\t\t\t<span class=\"elementor-icon-list-text\">Trang ch\u1ee7<\/span>\n\t\t\t\t\t\t\t\t\t\t\t<\/a>\n\t\t\t\t\t\t\t\t\t<\/li>\n\t\t\t\t\t\t\t\t<li class=\"elementor-icon-list-item elementor-inline-item\">\n\t\t\t\t\t\t\t\t\t\t\t<span class=\"elementor-icon-list-icon\">\n\t\t\t\t\t\t\t<svg aria-hidden=\"true\" class=\"e-font-icon-svg e-fas-angle-right\" viewbox=\"0 0 256 512\" xmlns=\"http:\/\/www.w3.org\/2000\/svg\"><path d=\"M224.3 273l-136 136c-9.4 9.4-24.6 9.4-33.9 0l-22.6-22.6c-9.4-9.4-9.4-24.6 0-33.9l96.4-96.4-96.4-96.4c-9.4-9.4-9.4-24.6 0-33.9L54.3 103c9.4-9.4 24.6-9.4 33.9 0l136 136c9.5 9.4 9.5 24.6.1 34z\"><\/path><\/svg>\t\t\t\t\t\t<\/span>\n\t\t\t\t\t\t\t\t\t\t<span class=\"elementor-icon-list-text\">Ch\u00ednh s\u00e1ch ho\u00e0n ti\u1ec1n<\/span>\n\t\t\t\t\t\t\t\t\t<\/li>\n\t\t\t\t\t\t<\/ul>\n\t\t\t\t\t\t<\/div>\n\t\t\t\t<\/div>\n\t\t\t\t<\/div>\n\t\t\t\t\t<\/div>\n\t\t\t\t<\/div>\n\t\t\t\t<\/div>\n\t\t<div class=\"elementor-element elementor-element-26e68e1 e-con-full e-flex e-con e-parent\" data-id=\"26e68e1\" data-element_type=\"container\" data-e-type=\"container\" data-settings=\"{&quot;background_background&quot;:&quot;classic&quot;}\">\n\t\t<div class=\"elementor-element elementor-element-48b6410 animated-slow e-flex e-con-boxed elementor-invisible e-con e-child\" data-id=\"48b6410\" data-element_type=\"container\" data-e-type=\"container\" data-settings=\"{&quot;background_background&quot;:&quot;classic&quot;,&quot;animation&quot;:&quot;fadeIn&quot;,&quot;animation_mobile&quot;:&quot;none&quot;,&quot;animation_delay&quot;:800}\">\n\t\t\t\t\t<div class=\"e-con-inner\">\n\t\t\t\t<div class=\"elementor-element elementor-element-ee09650 elementor-widget elementor-widget-text-editor\" data-id=\"ee09650\" data-element_type=\"widget\" data-e-type=\"widget\" data-widget_type=\"text-editor.default\">\n\t\t\t\t\t\t\t\t\t\n<div id=\"gspb_text-id-gsbp-5c2daff\" class=\"gspb_text gspb_text-id-gsbp-5c2daff\">\n<div class=\"auto-hide-last-sibling-br paragraph-pP9ZLC paragraph-element br-paragraph-space\">\n<div id=\"gspb_text-id-gsbp-d6b590e\" class=\"gspb_text gspb_text-id-gsbp-d6b590e\">\n<p>At DAMAH MAGIC, we strive to provide high-quality products and excellent customer service. We understand that sometimes a product may not meet your expectations. In such an event, we offer a refund policy that allows you to return the product within a certain period of time from the date of purchase.<\/p>\n<p>Please note that we cannot make any promises or guarantees about the outcome of any product that we offer. We strive to provide high-quality products, but the success of any product depends on various factors that are outside of our control. Therefore, we cannot offer refunds based on the outcome of any product.<\/p>\n<h4 class=\"wp-block-heading\">Our refund policy is as follows:<\/h4>\n<\/div>\n<div id=\"gspb_iconsList-id-gsbp-e328203\" class=\"wp-block-greenshift-blocks-iconlist gspb_iconsList gspb_iconsList-id-gsbp-e328203\">\n<div class=\"gspb_iconsList__item\" data-id=\"0\"><span class=\"gspb_iconsList__item__text\">If you are not satisfied with the product, you may be eligible for a return.<\/span><\/div>\n<div class=\"gspb_iconsList__item\" data-id=\"1\"><span class=\"gspb_iconsList__item__text\">To initiate a return, please contact us at <a href=\"mailto:damah2018@163.com\"><em><strong>damah2018@163.com<\/strong><\/em><\/a>.<\/span><\/div>\n<div class=\"gspb_iconsList__item\" data-id=\"2\"><span class=\"gspb_iconsList__item__text\">The product must be in its original packaging and in new condition to be eligible for a return.<\/span><\/div>\n<div class=\"gspb_iconsList__item\" data-id=\"3\"><span class=\"gspb_iconsList__item__text\">Shipping and handling fees are non-refundable.<\/span><\/div>\n<div class=\"gspb_iconsList__item\" data-id=\"4\"><span class=\"gspb_iconsList__item__text\">Once we receive the product, we will evaluate it and determine whether a return is appropriate.<\/span><\/div>\n<div class=\"gspb_iconsList__item\" data-id=\"5\"><span class=\"gspb_iconsList__item__text\">Please note that we reserve the right to refuse a return if the product does not meet our return policy criteria.<\/span><\/div>\n<\/div>\n<div id=\"gspb_text-id-gsbp-16c0190\" class=\"gspb_text gspb_text-id-gsbp-16c0190\">If you have any questions or concerns about our refund policy, please do not hesitate to contact us at <span class=\"gspb_iconsList__item__text\"><a href=\"mailto:damah2018@163.com\"><em><strong>damah2018@163.com<\/strong><\/em><\/a>.<\/span><\/div>\n<\/div>\n<\/div>\t\t\t\t\t\t\t\t<\/div>\n\t\t\t\t\t<\/div>\n\t\t\t\t<\/div>\n\t\t\t\t<\/div>\n\t\t\t\t<\/div>","protected":false},"excerpt":{"rendered":"<p>Refund Policy Not just 100% cotton, we are committed to exploring more materials. Home Refund Policy At DAMAH MAGIC, we strive to provide high-quality products and excellent customer service. We understand that sometimes a product may not meet your expectations. In such an event, we offer a refund policy that allows you to return the [&hellip;]<\/p>\n","protected":false},"author":1,"featured_media":0,"parent":0,"menu_order":0,"comment_status":"closed","ping_status":"closed","template":"","meta":{"footnotes":""},"class_list":["post-573","page","type-page","status-publish","hentry"],"_links":{"self":[{"href":"https:\/\/magicfacetowel.com\/vi\/wp-json\/wp\/v2\/pages\/573","targetHints":{"allow":["GET"]}}],"collection":[{"href":"https:\/\/magicfacetowel.com\/vi\/wp-json\/wp\/v2\/pages"}],"about":[{"href":"https:\/\/magicfacetowel.com\/vi\/wp-json\/wp\/v2\/types\/page"}],"author":[{"embeddable":true,"href":"https:\/\/magicfacetowel.com\/vi\/wp-json\/wp\/v2\/users\/1"}],"replies":[{"embeddable":true,"href":"https:\/\/magicfacetowel.com\/vi\/wp-json\/wp\/v2\/comments?post=573"}],"version-history":[{"count":1,"href":"https:\/\/magicfacetowel.com\/vi\/wp-json\/wp\/v2\/pages\/573\/revisions"}],"predecessor-version":[{"id":1722,"href":"https:\/\/magicfacetowel.com\/vi\/wp-json\/wp\/v2\/pages\/573\/revisions\/1722"}],"wp:attachment":[{"href":"https:\/\/magicfacetowel.com\/vi\/wp-json\/wp\/v2\/media?parent=573"}],"curies":[{"name":"wp","href":"https:\/\/api.w.org\/{rel}","templated":true}]}}