{"id":1441,"date":"2025-12-18T02:47:58","date_gmt":"2025-12-18T02:47:58","guid":{"rendered":"https:\/\/magicfacetowel.com\/?page_id=1441"},"modified":"2025-12-18T02:49:29","modified_gmt":"2025-12-18T02:49:29","slug":"shipping-policy","status":"publish","type":"page","link":"https:\/\/magicfacetowel.com\/vi\/shipping-policy\/","title":{"rendered":"Ch\u00ednh s\u00e1ch v\u1eadn chuy\u1ec3n"},"content":{"rendered":"<style>.elementor-1441 .elementor-element.elementor-element-7341a8e{--display:flex;--flex-direction:column;--container-widget-width:100%;--container-widget-height:initial;--container-widget-flex-grow:0;--container-widget-align-self:initial;--flex-wrap-mobile:wrap;--margin-top:-107px;--margin-bottom:0px;--margin-left:0px;--margin-right:0px;--padding-top:0px;--padding-bottom:0px;--padding-left:24px;--padding-right:24px;}.elementor-1441 .elementor-element.elementor-element-b93b77b{--display:flex;--overlay-opacity:0.8;--border-radius:24px 24px 24px 24px;--padding-top:0px;--padding-bottom:0px;--padding-left:0px;--padding-right:0px;}.elementor-1441 .elementor-element.elementor-element-b93b77b:not(.elementor-motion-effects-element-type-background), .elementor-1441 .elementor-element.elementor-element-b93b77b > .elementor-motion-effects-container > .elementor-motion-effects-layer{background-image:url(\"https:\/\/magicfacetowel.com\/wp-content\/uploads\/2025\/12\/productsphoto.jpg\");background-position:bottom center;background-repeat:no-repeat;background-size:cover;}.elementor-1441 .elementor-element.elementor-element-b93b77b::before, .elementor-1441 .elementor-element.elementor-element-b93b77b > .elementor-background-video-container::before, .elementor-1441 .elementor-element.elementor-element-b93b77b > .e-con-inner > .elementor-background-video-container::before, .elementor-1441 .elementor-element.elementor-element-b93b77b > .elementor-background-slideshow::before, .elementor-1441 .elementor-element.elementor-element-b93b77b > .e-con-inner > .elementor-background-slideshow::before, .elementor-1441 .elementor-element.elementor-element-b93b77b > .elementor-motion-effects-container > .elementor-motion-effects-layer::before{--background-overlay:'';background-color:transparent;background-image:linear-gradient(180deg, var( --e-global-color-ca6b9c0 ) 30%, var( --e-global-color-b3aaef1 ) 200%);}.elementor-1441 .elementor-element.elementor-element-c50c1a1{--display:flex;--flex-direction:column;--container-widget-width:100%;--container-widget-height:initial;--container-widget-flex-grow:0;--container-widget-align-self:initial;--flex-wrap-mobile:wrap;--gap:82px 82px;--row-gap:82px;--column-gap:82px;--margin-top:206px;--margin-bottom:32px;--margin-left:0px;--margin-right:0px;}.elementor-1441 .elementor-element.elementor-element-8a19a9e{--display:flex;--align-items:center;--container-widget-width:calc( ( 1 - var( --container-widget-flex-grow ) ) * 100% );--gap:16px 16px;--row-gap:16px;--column-gap:16px;}.elementor-1441 .elementor-element.elementor-element-8a19a9e.e-con{--align-self:center;}.elementor-1441 .elementor-element.elementor-element-bfa2ade .elementor-heading-title{color:var( --e-global-color-accent );}.elementor-1441 .elementor-element.elementor-element-9606b74{text-align:center;width:var( --container-widget-width, 99% );max-width:99%;--container-widget-width:99%;--container-widget-flex-grow:0;}.elementor-1441 .elementor-element.elementor-element-9606b74 .elementor-heading-title{font-family:var( --e-global-typography-6be4107-font-family ), Sans-serif;font-size:var( --e-global-typography-6be4107-font-size );font-weight:var( --e-global-typography-6be4107-font-weight );line-height:var( --e-global-typography-6be4107-line-height );letter-spacing:var( --e-global-typography-6be4107-letter-spacing );word-spacing:var( --e-global-typography-6be4107-word-spacing );color:var( --e-global-color-4f7cc1a );}.elementor-1441 .elementor-element.elementor-element-46b01cd{--display:flex;--flex-direction:row;--container-widget-width:initial;--container-widget-height:100%;--container-widget-flex-grow:1;--container-widget-align-self:stretch;--flex-wrap-mobile:wrap;--justify-content:center;--gap:4px 4px;--row-gap:4px;--column-gap:4px;--overlay-opacity:1;border-style:solid;--border-style:solid;border-width:1px 1px 1px 1px;--border-top-width:1px;--border-right-width:1px;--border-bottom-width:1px;--border-left-width:1px;border-color:var( --e-global-color-a9ed6c5 );--border-color:var( --e-global-color-a9ed6c5 );--border-radius:32px 32px 32px 32px;--padding-top:16px;--padding-bottom:16px;--padding-left:24px;--padding-right:24px;}.elementor-1441 .elementor-element.elementor-element-46b01cd::before, .elementor-1441 .elementor-element.elementor-element-46b01cd > .elementor-background-video-container::before, .elementor-1441 .elementor-element.elementor-element-46b01cd > .e-con-inner > .elementor-background-video-container::before, .elementor-1441 .elementor-element.elementor-element-46b01cd > .elementor-background-slideshow::before, .elementor-1441 .elementor-element.elementor-element-46b01cd > .e-con-inner > .elementor-background-slideshow::before, .elementor-1441 .elementor-element.elementor-element-46b01cd > .elementor-motion-effects-container > .elementor-motion-effects-layer::before{--background-overlay:'';background-color:transparent;background-image:linear-gradient(180deg, var( --e-global-color-b3aaef1 ) 0%, var( --e-global-color-a9ed6c5 ) 100%);}.elementor-1441 .elementor-element.elementor-element-46b01cd.e-con{--align-self:center;}.elementor-1441 .elementor-element.elementor-element-46b01cd.elementor-element.e-flex::before{content:\"\";width:100%;height:100%;position:absolute;left:0;top:0;-webkit-backdrop-filter:blur(20px);backdrop-filter:blur(20px);border-radius:inherit;background-color:inherit;}.elementor-1441 .elementor-element.elementor-element-1c824f9 .elementor-icon-list-icon i{color:var( --e-global-color-ca21e09 );transition:color 0.3s;}.elementor-1441 .elementor-element.elementor-element-1c824f9 .elementor-icon-list-icon svg{fill:var( --e-global-color-ca21e09 );transition:fill 0.3s;}.elementor-1441 .elementor-element.elementor-element-1c824f9{--e-icon-list-icon-size:14px;--icon-vertical-offset:0px;}.elementor-1441 .elementor-element.elementor-element-1c824f9 .elementor-icon-list-text{color:var( --e-global-color-5f03aca );transition:color 0.3s;}.elementor-1441 .elementor-element.elementor-element-0bee2e8{--display:flex;--flex-direction:column;--container-widget-width:100%;--container-widget-height:initial;--container-widget-flex-grow:0;--container-widget-align-self:initial;--flex-wrap-mobile:wrap;--margin-top:0px;--margin-bottom:0px;--margin-left:0px;--margin-right:0px;--padding-top:0px;--padding-bottom:0px;--padding-left:24px;--padding-right:24px;}.elementor-1441 .elementor-element.elementor-element-acc22cb{--display:flex;--border-radius:20px 20px 0px 0px;--padding-top:120px;--padding-bottom:120px;--padding-left:0px;--padding-right:0px;}.elementor-1441 .elementor-element.elementor-element-acc22cb:not(.elementor-motion-effects-element-type-background), .elementor-1441 .elementor-element.elementor-element-acc22cb > .elementor-motion-effects-container > .elementor-motion-effects-layer{background-color:var( --e-global-color-4f7cc1a );}:root{--page-title-display:none;}@media(min-width:768px){.elementor-1441 .elementor-element.elementor-element-8a19a9e{--width:100%;}.elementor-1441 .elementor-element.elementor-element-46b01cd{--width:fit-content;}}@media(max-width:1024px){.elementor-1441 .elementor-element.elementor-element-7341a8e{--margin-top:-124px;--margin-bottom:0px;--margin-left:0px;--margin-right:0px;--padding-top:20px;--padding-bottom:0px;--padding-left:20px;--padding-right:20px;}.elementor-1441 .elementor-element.elementor-element-b93b77b{--padding-top:0px;--padding-bottom:0px;--padding-left:20px;--padding-right:20px;}.elementor-1441 .elementor-element.elementor-element-9606b74 .elementor-heading-title{font-size:var( --e-global-typography-6be4107-font-size );line-height:var( --e-global-typography-6be4107-line-height );letter-spacing:var( --e-global-typography-6be4107-letter-spacing );word-spacing:var( --e-global-typography-6be4107-word-spacing );}.elementor-1441 .elementor-element.elementor-element-9606b74{width:var( --container-widget-width, 50% );max-width:50%;--container-widget-width:50%;--container-widget-flex-grow:0;}.elementor-1441 .elementor-element.elementor-element-0bee2e8{--margin-top:0px;--margin-bottom:0px;--margin-left:0px;--margin-right:0px;--padding-top:0px;--padding-bottom:0px;--padding-left:20px;--padding-right:20px;}.elementor-1441 .elementor-element.elementor-element-acc22cb{--padding-top:120px;--padding-bottom:120px;--padding-left:20px;--padding-right:20px;}}@media(max-width:767px){.elementor-1441 .elementor-element.elementor-element-7341a8e{--margin-top:-116px;--margin-bottom:0px;--margin-left:0px;--margin-right:0px;}.elementor-1441 .elementor-element.elementor-element-c50c1a1{--gap:42px 42px;--row-gap:42px;--column-gap:42px;--margin-top:196px;--margin-bottom:120px;--margin-left:0px;--margin-right:0px;}.elementor-1441 .elementor-element.elementor-element-9606b74 .elementor-heading-title{font-size:var( --e-global-typography-6be4107-font-size );line-height:var( --e-global-typography-6be4107-line-height );letter-spacing:var( --e-global-typography-6be4107-letter-spacing );word-spacing:var( --e-global-typography-6be4107-word-spacing );}.elementor-1441 .elementor-element.elementor-element-9606b74{width:100%;max-width:100%;}.elementor-1441 .elementor-element.elementor-element-46b01cd{--flex-wrap:nowrap;}.elementor-1441 .elementor-element.elementor-element-0bee2e8{--margin-top:0px;--margin-bottom:0px;--margin-left:0px;--margin-right:0px;--padding-top:0px;--padding-bottom:0px;--padding-left:20px;--padding-right:20px;}.elementor-1441 .elementor-element.elementor-element-acc22cb{--margin-top:0px;--margin-bottom:0px;--margin-left:0px;--margin-right:0px;--padding-top:80px;--padding-bottom:80px;--padding-left:0px;--padding-right:0px;}}@media(min-width:1025px){.elementor-1441 .elementor-element.elementor-element-b93b77b:not(.elementor-motion-effects-element-type-background), .elementor-1441 .elementor-element.elementor-element-b93b77b > .elementor-motion-effects-container > .elementor-motion-effects-layer{background-attachment:fixed;}}<\/style>\t\t<div data-elementor-type=\"wp-page\" data-elementor-id=\"1441\" class=\"elementor elementor-1441\" data-elementor-post-type=\"page\">\n\t\t\t\t<div class=\"elementor-element elementor-element-7341a8e e-con-full e-flex e-con e-parent\" data-id=\"7341a8e\" data-element_type=\"container\" data-e-type=\"container\" data-settings=\"{&quot;background_background&quot;:&quot;classic&quot;}\">\n\t\t<div class=\"elementor-element elementor-element-b93b77b animated-slow e-flex e-con-boxed elementor-invisible e-con e-child\" data-id=\"b93b77b\" data-element_type=\"container\" data-e-type=\"container\" data-settings=\"{&quot;background_background&quot;:&quot;classic&quot;,&quot;animation&quot;:&quot;fadeIn&quot;,&quot;animation_mobile&quot;:&quot;none&quot;,&quot;animation_delay&quot;:300}\">\n\t\t\t\t\t<div class=\"e-con-inner\">\n\t\t<div class=\"elementor-element elementor-element-c50c1a1 e-con-full e-flex e-con e-child\" data-id=\"c50c1a1\" data-element_type=\"container\" data-e-type=\"container\">\n\t\t<div class=\"elementor-element elementor-element-8a19a9e e-con-full e-flex e-con e-child\" data-id=\"8a19a9e\" data-element_type=\"container\" data-e-type=\"container\">\n\t\t\t\t<div class=\"elementor-element elementor-element-bfa2ade elementor-widget elementor-widget-heading\" data-id=\"bfa2ade\" data-element_type=\"widget\" data-e-type=\"widget\" data-widget_type=\"heading.default\">\n\t\t\t\t\t<h2 class=\"elementor-heading-title elementor-size-default\">Ch\u00ednh s\u00e1ch v\u1eadn chuy\u1ec3n<\/h2>\t\t\t\t<\/div>\n\t\t\t\t<div class=\"elementor-element elementor-element-9606b74 elementor-widget__width-initial elementor-widget-mobile__width-inherit elementor-widget-tablet__width-initial elementor-widget elementor-widget-heading\" data-id=\"9606b74\" data-element_type=\"widget\" data-e-type=\"widget\" data-widget_type=\"heading.default\">\n\t\t\t\t\t<p class=\"elementor-heading-title elementor-size-default\">Kh\u00f4ng ch\u1ec9 d\u1eebng l\u1ea1i \u1edf ch\u1ea5t li\u1ec7u cotton 100%, ch\u00fang t\u00f4i cam k\u1ebft s\u1ebd ti\u1ebfp t\u1ee5c nghi\u00ean c\u1ee9u th\u00eam nhi\u1ec1u lo\u1ea1i v\u1eadt li\u1ec7u kh\u00e1c.<\/p>\t\t\t\t<\/div>\n\t\t\t\t<\/div>\n\t\t<div class=\"elementor-element elementor-element-46b01cd e-con-full e-flex e-con e-child\" data-id=\"46b01cd\" data-element_type=\"container\" data-e-type=\"container\">\n\t\t\t\t<div class=\"elementor-element elementor-element-1c824f9 elementor-icon-list--layout-inline elementor-list-item-link-full_width elementor-widget elementor-widget-icon-list\" data-id=\"1c824f9\" data-element_type=\"widget\" data-e-type=\"widget\" data-widget_type=\"icon-list.default\">\n\t\t\t\t\t\t\t<ul class=\"elementor-icon-list-items elementor-inline-items\">\n\t\t\t\t\t\t\t<li class=\"elementor-icon-list-item elementor-inline-item\">\n\t\t\t\t\t\t\t\t\t\t\t<a href=\"https:\/\/magicfacetowel.com\/vi\/\">\n\n\t\t\t\t\t\t\t\t\t\t\t\t<span class=\"elementor-icon-list-icon\">\n\t\t\t\t\t\t\t<svg aria-hidden=\"true\" class=\"e-font-icon-svg e-fas-home\" viewbox=\"0 0 576 512\" xmlns=\"http:\/\/www.w3.org\/2000\/svg\"><path d=\"M280.37 148.26L96 300.11V464a16 16 0 0 0 16 16l112.06-.29a16 16 0 0 0 15.92-16V368a16 16 0 0 1 16-16h64a16 16 0 0 1 16 16v95.64a16 16 0 0 0 16 16.05L464 480a16 16 0 0 0 16-16V300L295.67 148.26a12.19 12.19 0 0 0-15.3 0zM571.6 251.47L488 182.56V44.05a12 12 0 0 0-12-12h-56a12 12 0 0 0-12 12v72.61L318.47 43a48 48 0 0 0-61 0L4.34 251.47a12 12 0 0 0-1.6 16.9l25.5 31A12 12 0 0 0 45.15 301l235.22-193.74a12.19 12.19 0 0 1 15.3 0L530.9 301a12 12 0 0 0 16.9-1.6l25.5-31a12 12 0 0 0-1.7-16.93z\"><\/path><\/svg>\t\t\t\t\t\t<\/span>\n\t\t\t\t\t\t\t\t\t\t<span class=\"elementor-icon-list-text\">Trang ch\u1ee7<\/span>\n\t\t\t\t\t\t\t\t\t\t\t<\/a>\n\t\t\t\t\t\t\t\t\t<\/li>\n\t\t\t\t\t\t\t\t<li class=\"elementor-icon-list-item elementor-inline-item\">\n\t\t\t\t\t\t\t\t\t\t\t<span class=\"elementor-icon-list-icon\">\n\t\t\t\t\t\t\t<svg aria-hidden=\"true\" class=\"e-font-icon-svg e-fas-angle-right\" viewbox=\"0 0 256 512\" xmlns=\"http:\/\/www.w3.org\/2000\/svg\"><path d=\"M224.3 273l-136 136c-9.4 9.4-24.6 9.4-33.9 0l-22.6-22.6c-9.4-9.4-9.4-24.6 0-33.9l96.4-96.4-96.4-96.4c-9.4-9.4-9.4-24.6 0-33.9L54.3 103c9.4-9.4 24.6-9.4 33.9 0l136 136c9.5 9.4 9.5 24.6.1 34z\"><\/path><\/svg>\t\t\t\t\t\t<\/span>\n\t\t\t\t\t\t\t\t\t\t<span class=\"elementor-icon-list-text\">Ch\u00ednh s\u00e1ch v\u1eadn chuy\u1ec3n<\/span>\n\t\t\t\t\t\t\t\t\t<\/li>\n\t\t\t\t\t\t<\/ul>\n\t\t\t\t\t\t<\/div>\n\t\t\t\t<\/div>\n\t\t\t\t<\/div>\n\t\t\t\t\t<\/div>\n\t\t\t\t<\/div>\n\t\t\t\t<\/div>\n\t\t<div class=\"elementor-element elementor-element-0bee2e8 e-con-full e-flex e-con e-parent\" data-id=\"0bee2e8\" data-element_type=\"container\" data-e-type=\"container\" data-settings=\"{&quot;background_background&quot;:&quot;classic&quot;}\">\n\t\t<div class=\"elementor-element elementor-element-acc22cb animated-slow e-flex e-con-boxed elementor-invisible e-con e-child\" data-id=\"acc22cb\" data-element_type=\"container\" data-e-type=\"container\" data-settings=\"{&quot;background_background&quot;:&quot;classic&quot;,&quot;animation&quot;:&quot;fadeIn&quot;,&quot;animation_mobile&quot;:&quot;none&quot;,&quot;animation_delay&quot;:800}\">\n\t\t\t\t\t<div class=\"e-con-inner\">\n\t\t\t\t<div class=\"elementor-element elementor-element-1252156 elementor-widget elementor-widget-text-editor\" data-id=\"1252156\" data-element_type=\"widget\" data-e-type=\"widget\" data-widget_type=\"text-editor.default\">\n\t\t\t\t\t\t\t\t\t<div id=\"gspb_text-id-gsbp-5c2daff\" class=\"gspb_text gspb_text-id-gsbp-5c2daff\"><div class=\"auto-hide-last-sibling-br paragraph-pP9ZLC paragraph-element br-paragraph-space\"><div id=\"gspb_text-id-gsbp-d6b590e\" class=\"gspb_text gspb_text-id-gsbp-d6b590e\"><div id=\"gspb_text-id-gsbp-d6b590e\" class=\"gspb_text gspb_text-id-gsbp-d6b590e\">T\u1ea1i DAMAH MAGIC<strong>.<\/strong> ch\u00fang t\u00f4i c\u1ed1 g\u1eafng cung c\u1ea5p giao h\u00e0ng k\u1ecbp th\u1eddi v\u00e0 hi\u1ec7u qu\u1ea3 c\u1ee7a s\u1ea3n ph\u1ea9m c\u1ee7a ch\u00fang t\u00f4i cho kh\u00e1ch h\u00e0ng c\u1ee7a ch\u00fang t\u00f4i.Ch\u00fang t\u00f4i v\u1eadn chuy\u1ec3n s\u1ea3n ph\u1ea9m c\u1ee7a ch\u00fang t\u00f4i cho kh\u00e1ch h\u00e0ng c\u1ea3 trong n\u01b0\u1edbc v\u00e0 qu\u1ed1c t.<\/div><h4 id=\"gspb_heading-id-gsbp-082136f\" class=\"gspb_heading gspb_heading-id-gsbp-082136f\">V\u1eadn chuy\u1ec3n n\u1ed9i \u0111\u1ecba:<\/h4><div id=\"gspb_iconsList-id-gsbp-e328203\" class=\"wp-block-greenshift-blocks-iconlist gspb_iconsList gspb_iconsList-id-gsbp-e328203\"><div class=\"gspb_iconsList__item\" data-id=\"0\"><span class=\"gspb_iconsList__item__text\">Ch\u00fang t\u00f4i v\u1eadn chuy\u1ec3n s\u1ea3n ph\u1ea9m c\u1ee7a m\u00ecnh trong Trung Qu\u1ed1c \u0111\u1ea1i l\u1ee5c th\u00f4ng qua nhi\u1ec1u h\u00e3ng v\u1eadn chuy\u1ec3n kh\u00e1c nhau, t\u00f9y thu\u1ed9c v\u00e0o s\u1ea3n ph\u1ea9m v\u00e0 \u0111\u1ecba \u0111i\u1ec3m c\u1ee7a kh\u00e1ch h\u00e0ng.<\/span><\/div><div class=\"gspb_iconsList__item\" data-id=\"1\"><span class=\"gspb_iconsList__item__text\">Ph\u00ed v\u1eadn chuy\u1ec3n trong n\u01b0\u1edbc c\u00f3 th\u1ec3 thay \u0111\u1ed5i t\u00f9y thu\u1ed9c v\u00e0o tr\u1ecdng l\u01b0\u1ee3ng v\u00e0 k\u00edch th\u01b0\u1edbc c\u1ee7a s\u1ea3n ph\u1ea9m, c\u0169ng nh\u01b0 \u0111i\u1ec3m \u0111\u1ebfn v\u1eadn chuy\u1ec3n.<\/span><\/div><div class=\"gspb_iconsList__item\" data-id=\"2\"><span class=\"gspb_iconsList__item__text\">Th\u1eddi gian giao h\u00e0ng \u01b0\u1edbc t\u00ednh cho c\u00e1c l\u00f4 h\u00e0ng trong n\u01b0\u1edbc th\u01b0\u1eddng trong v\u00f2ng 3-7 ng\u00e0y l\u00e0m vi\u1ec7c, t\u00f9y thu\u1ed9c v\u00e0o h\u00e3ng v\u1eadn chuy\u1ec3n v\u00e0 \u0111i\u1ec3m \u0111\u1ebfn v\u1eadn chuy\u1ec3n.<\/span><\/div><\/div><h4 id=\"gspb_heading-id-gsbp-44de51b\" class=\"gspb_heading gspb_heading-id-gsbp-44de51b\">V\u1eadn chuy\u1ec3n qu\u1ed1c t\u1ebf:<\/h4><div id=\"gspb_iconsList-id-gsbp-b3b9d3c\" class=\"wp-block-greenshift-blocks-iconlist gspb_iconsList gspb_iconsList-id-gsbp-b3b9d3c\"><div class=\"gspb_iconsList__item\" data-id=\"0\"><span class=\"gspb_iconsList__item__text\">Ch\u00fang t\u00f4i v\u1eadn chuy\u1ec3n s\u1ea3n ph\u1ea9m c\u1ee7a m\u00ecnh \u0111\u1ebfn kh\u00e1ch h\u00e0ng qu\u1ed1c t\u1ebf th\u00f4ng qua nhi\u1ec1u h\u00e3ng v\u1eadn chuy\u1ec3n kh\u00e1c nhau, t\u00f9y thu\u1ed9c v\u00e0o s\u1ea3n ph\u1ea9m v\u00e0 \u0111\u1ecba \u0111i\u1ec3m c\u1ee7a kh\u00e1ch h\u00e0ng.<\/span><\/div><div class=\"gspb_iconsList__item\" data-id=\"1\"><span class=\"gspb_iconsList__item__text\">Ph\u00ed v\u1eadn chuy\u1ec3n qu\u1ed1c t\u1ebf c\u00f3 th\u1ec3 thay \u0111\u1ed5i t\u00f9y thu\u1ed9c v\u00e0o tr\u1ecdng l\u01b0\u1ee3ng v\u00e0 k\u00edch th\u01b0\u1edbc c\u1ee7a s\u1ea3n ph\u1ea9m, c\u0169ng nh\u01b0 \u0111i\u1ec3m \u0111\u1ebfn v\u1eadn chuy\u1ec3n.<\/span><\/div><div class=\"gspb_iconsList__item\" data-id=\"2\"><span class=\"gspb_iconsList__item__text\">Th\u1eddi gian giao h\u00e0ng \u01b0\u1edbc t\u00ednh cho c\u00e1c l\u00f4 h\u00e0ng qu\u1ed1c t\u1ebf kh\u00e1c nhau t\u00f9y thu\u1ed9c v\u00e0o h\u00e3ng v\u1eadn chuy\u1ec3n v\u00e0 \u0111i\u1ec3m \u0111\u1ebfn v\u1eadn chuy\u1ec3n. th\u1eddi gian giao h\u00e0ng c\u00f3 th\u1ec3 b\u1ecb \u1ea3nh h\u01b0\u1edfng b\u1edfi h\u1ea3i quan v\u00e0 c\u00e1c y\u1ebfu t\u1ed1 kh\u00e1c ngo\u00e0i t\u1ea7m ki\u1ec3m so\u00e1t c\u1ee7a ch\u00fang t\u00f4i.<\/span><\/div><div class=\"gspb_iconsList__item\" data-id=\"3\"><span class=\"gspb_iconsList__item__text\">Xin l\u01b0u \u00fd r\u1eb1ng ch\u00fang t\u00f4i kh\u00f4ng ch\u1ecbu tr\u00e1ch nhi\u1ec7m cho b\u1ea5t k\u1ef3 thu\u1ebf h\u1ea3i quan, thu\u1ebf, ho\u1eb7c l\u1ec7 ph\u00ed c\u00f3 th\u1ec3 \u0111\u01b0\u1ee3c \u00e1p d\u1ee5ng b\u1edfi c\u00e1c qu\u1ed1c gia \u0111\u00edch. kh\u00e1ch h\u00e0ng ch\u1ecbu tr\u00e1ch nhi\u1ec7m cho b\u1ea5t k\u1ef3 kho\u1ea3n ph\u00ed nh\u01b0 v\u1eady.<\/span><\/div><\/div><div id=\"gspb_text-id-gsbp-16c0190\" class=\"gspb_text gspb_text-id-gsbp-16c0190\">N\u1ebfu b\u1ea1n c\u00f3 b\u1ea5t k\u1ef3 c\u00e2u h\u1ecfi ho\u1eb7c th\u1eafc m\u1eafc n\u00e0o v\u1ec1 vi\u1ec7c v\u1eadn chuy\u1ec3n, vui l\u00f2ng li\u00ean h\u1ec7 v\u1edbi ch\u00fang t\u00f4i t\u1ea1i <a href=\"mailto:damah2018@163.com\"><em><strong>damah2018@163.com<\/strong><\/em><\/a>.<\/div><\/div><\/div><\/div>\t\t\t\t\t\t\t\t<\/div>\n\t\t\t\t\t<\/div>\n\t\t\t\t<\/div>\n\t\t\t\t<\/div>\n\t\t\t\t<\/div>","protected":false},"excerpt":{"rendered":"<p>Shipping Policy Not just 100% cotton, we are committed to exploring more materials. Home Shipping Policy At DAMAH MAGIC. we strive to provide timely and efficient delivery of our products to our customers. We ship our products to customers both domestically and internationally. Domestic Shipping: We ship our products within mainland China via various shipping [&hellip;]<\/p>\n","protected":false},"author":1,"featured_media":0,"parent":0,"menu_order":0,"comment_status":"closed","ping_status":"closed","template":"","meta":{"footnotes":""},"class_list":["post-1441","page","type-page","status-publish","hentry"],"_links":{"self":[{"href":"https:\/\/magicfacetowel.com\/vi\/wp-json\/wp\/v2\/pages\/1441","targetHints":{"allow":["GET"]}}],"collection":[{"href":"https:\/\/magicfacetowel.com\/vi\/wp-json\/wp\/v2\/pages"}],"about":[{"href":"https:\/\/magicfacetowel.com\/vi\/wp-json\/wp\/v2\/types\/page"}],"author":[{"embeddable":true,"href":"https:\/\/magicfacetowel.com\/vi\/wp-json\/wp\/v2\/users\/1"}],"replies":[{"embeddable":true,"href":"https:\/\/magicfacetowel.com\/vi\/wp-json\/wp\/v2\/comments?post=1441"}],"version-history":[{"count":1,"href":"https:\/\/magicfacetowel.com\/vi\/wp-json\/wp\/v2\/pages\/1441\/revisions"}],"predecessor-version":[{"id":1723,"href":"https:\/\/magicfacetowel.com\/vi\/wp-json\/wp\/v2\/pages\/1441\/revisions\/1723"}],"wp:attachment":[{"href":"https:\/\/magicfacetowel.com\/vi\/wp-json\/wp\/v2\/media?parent=1441"}],"curies":[{"name":"wp","href":"https:\/\/api.w.org\/{rel}","templated":true}]}}